{"id":4526,"date":"2023-04-08T15:55:25","date_gmt":"2023-04-08T13:55:25","guid":{"rendered":"https:\/\/bijouterie-babylone.fr\/?post_type=product&#038;p=4526"},"modified":"2024-02-02T10:44:20","modified_gmt":"2024-02-02T09:44:20","slug":"montre-homme-presage-spb359j1","status":"publish","type":"product","link":"https:\/\/bijouterie-babylone.fr\/en\/product\/montre-homme-presage-spb359j1\/","title":{"rendered":"Montre Homme PRESAGE &#8211; SPB359J1"},"content":{"rendered":"<p>[vc_row][vc_column width=&#8221;5\/6&#8243; offset=&#8221;vc_col-lg-offset-1 vc_col-md-offset-1&#8243;][vc_row_inner][vc_column_inner width=&#8221;1\/2&#8243;][vc_custom_heading text=&#8221;Habillage&#8221; use_theme_fonts=&#8221;yes&#8221; css=&#8221;.vc_custom_1565281605174{margin-right: 90px !important;margin-bottom: 56px !important;margin-left: 60px !important;}&#8221;][vc_column_text css=&#8221;.vc_custom_1680965086258{margin-right: 65px !important;margin-bottom: 110px !important;margin-left: 65px !important;}&#8221; el_class=&#8221;light&#8221;]<strong>MOD\u00c8LE :<\/strong> Montre homme PRESAGE Edition limit\u00e9e ~ Automatique avec fonction de remontage manuel<br \/>\n<strong>MOUVEMENT :<\/strong> Automatique<br \/>\n<strong>\u00c9TANCH\u00c9IT\u00c9 :<\/strong> 5 bar<br \/>\n<strong>VERRE :<\/strong> Saphir box- shaped, Rev\u00eatement anti-reflet sur la surface interne<br \/>\n<strong>AIGUILLES :<\/strong> Lumibrite<br \/>\n<strong>BO\u00ceTIER :<\/strong> Acier inoxydable<br \/>\n<strong>OUVERTURE DE BO\u00ceTE :<\/strong> 37.5 mm<br \/>\n<strong>BRACELET :<\/strong> Cuir marron<br \/>\n[\/vc_column_text][vc_single_image image=&#8221;4531&#8243; img_size=&#8221;full&#8221; css=&#8221;.vc_custom_1680964688073{margin-right: 55px !important;}&#8221;][\/vc_column_inner][vc_column_inner width=&#8221;1\/2&#8243;][vc_single_image image=&#8221;4529&#8243; img_size=&#8221;full&#8221; alignment=&#8221;right&#8221; css=&#8221;.vc_custom_1680964642306{margin-bottom: 80px !important;margin-left: 60px !important;}&#8221;][vc_custom_heading text=&#8221;Fonctions&#8221; use_theme_fonts=&#8221;yes&#8221; css=&#8221;.vc_custom_1565281500335{margin-top: 45px !important;margin-right: 65px !important;margin-bottom: 40px !important;margin-left: 65px !important;}&#8221;][vc_column_text css=&#8221;.vc_custom_1680965196660{margin-right: 90px !important;margin-left: 60px !important;}&#8221; el_class=&#8221;light&#8221;]<strong>CALIBRE : <\/strong> 6R27<br \/>\n<strong>TYPE DE MOUVEMENT : <\/strong> Automatique avec fonction de remontage manuel<br \/>\n<strong>FONCTIONS :<\/strong> Automatique, Aiguille indiquant la date, Affichage de la r\u00e9serve de marche, Fonction d&#8217;arr\u00eat de seconde, Affichage de la date<br \/>\n<strong>R\u00c9SERVE DE MARCHE :<\/strong> 45 heure(s) en pleine charge<br \/>\n<strong>RUBIS :<\/strong> 29[\/vc_column_text][\/vc_column_inner][\/vc_row_inner][\/vc_column][\/vc_row]<\/p>\n","protected":false},"excerpt":{"rendered":"<p style=\"text-align: center;\"><strong><em>Edition limit\u00e9e de 2500 pi\u00e8ces<\/em><\/strong><\/p>\n<p><span>La Laurel, la premi\u00e8re montre-bracelet du Japon, a \u00e9t\u00e9 cr\u00e9\u00e9e en 1913 et a jet\u00e9 les bases de l&#8217;industrie de la fabrication de montres-bracelets au Japon. <\/span><span>Seiko Presage pr\u00e9sentera un mod\u00e8le en \u00e9dition limit\u00e9e pour le 110e anniversaire des montres-bracelets Seiko qui rend hommage au Laurel et reste fid\u00e8le au design original.<\/span><\/p>\n<p><span>Alors que de plus en plus d&#8217;entreprises se concentraient sur la fabrication d&#8217;horloges de table et de montres de poche, Kintaro Hattori, qui avait pr\u00e9vu l&#8217;av\u00e8nement de l&#8217;\u00e8re de la montre-bracelet, a continu\u00e9 \u00e0 penser plus loin que ses concurrents en commen\u00e7ant le d\u00e9veloppement de sa propre montre-bracelet.\u00a0<\/span><span>En 1913, Seikosha a commenc\u00e9 la production du Laurel.\u00a0<\/span><span>Apr\u00e8s la sortie du Laurel, Seikosha a fait d&#8217;\u00e9normes progr\u00e8s dans le d\u00e9veloppement de chaque technologie de fabrication de montres-bracelets, de la conception \u00e0 la micro-fabrication et \u00e0 la fabrication de machines-outils.\u00a0<\/span><span>En 2014, la Japan Society of Mechanical Engineers a d\u00e9sign\u00e9 le Laurel comme l&#8217;un de ses \u00abpatrimoines du g\u00e9nie m\u00e9canique\u00bb en reconnaissance de sa contribution au d\u00e9veloppement de la technologie m\u00e9canique.<\/span><\/p>\n<p><span>Tout comme l&#8217;original de 1913, la nouvelle cr\u00e9ation pr\u00e9sente un cadran en \u00e9mail immacul\u00e9 et des aiguilles bleuies de style r\u00e9tro.\u00a0<\/span><span>La profondeur et la beaut\u00e9 du cadran, ainsi que son apparence stable dans le temps, sont rendues possibles gr\u00e2ce au ma\u00eetre artisan Mitsuru Yokosawa et \u00e0 ses coll\u00e8gues d&#8217;un atelier sp\u00e9cialis\u00e9 dans la production d&#8217;\u00e9mail.\u00a0<\/span><span>Les m\u00eames chiffres arabes caract\u00e9ristiques marquent les heures, y compris le dessin distinctif du chiffre quatre.<\/span><\/p>\n<p><a href=\"https:\/\/www.seikowatches.com\/instructions\/html\/SEIKO_6R20_6R21_6R24_6R27_FR\/index\" target=\"_blank\" rel=\"noopener noreferrer\"><strong>Manuel d&#8217;utilisation<\/strong><\/a><\/p>\n","protected":false},"featured_media":4528,"template":"","meta":[],"product_cat":[174,172],"product_tag":[],"aioseo_notices":[],"_links":{"self":[{"href":"https:\/\/bijouterie-babylone.fr\/en\/wp-json\/wp\/v2\/product\/4526"}],"collection":[{"href":"https:\/\/bijouterie-babylone.fr\/en\/wp-json\/wp\/v2\/product"}],"about":[{"href":"https:\/\/bijouterie-babylone.fr\/en\/wp-json\/wp\/v2\/types\/product"}],"wp:featuredmedia":[{"embeddable":true,"href":"https:\/\/bijouterie-babylone.fr\/en\/wp-json\/wp\/v2\/media\/4528"}],"wp:attachment":[{"href":"https:\/\/bijouterie-babylone.fr\/en\/wp-json\/wp\/v2\/media?parent=4526"}],"wp:term":[{"taxonomy":"product_cat","embeddable":true,"href":"https:\/\/bijouterie-babylone.fr\/en\/wp-json\/wp\/v2\/product_cat?post=4526"},{"taxonomy":"product_tag","embeddable":true,"href":"https:\/\/bijouterie-babylone.fr\/en\/wp-json\/wp\/v2\/product_tag?post=4526"}],"curies":[{"name":"wp","href":"https:\/\/api.w.org\/{rel}","templated":true}]}}