{"id":3234,"date":"2019-12-20T10:39:20","date_gmt":"2019-12-20T09:39:20","guid":{"rendered":"https:\/\/bijouterie-babylone.fr\/product\/montre-homme-prospex-spb077j1\/"},"modified":"2020-04-26T16:57:44","modified_gmt":"2020-04-26T14:57:44","slug":"montre-homme-prospex-spb077j1","status":"publish","type":"product","link":"https:\/\/bijouterie-babylone.fr\/en\/product\/montre-homme-prospex-spb077j1\/","title":{"rendered":"Men&#8217;s Seiko Prospex &#8211; SPB077J1"},"content":{"rendered":"<p>[vc_row][vc_column width=&#8221;5\/6&#8243; offset=&#8221;vc_col-lg-offset-1 vc_col-md-offset-1&#8243;][vc_row_inner][vc_column_inner width=&#8221;1\/2&#8243;][vc_custom_heading text=&#8221;Habillage&#8221; use_theme_fonts=&#8221;yes&#8221; css=&#8221;.vc_custom_1565281605174{margin-right: 90px !important;margin-bottom: 56px !important;margin-left: 60px !important;}&#8221;][vc_column_text css=&#8221;.vc_custom_1576838225887{margin-right: 65px !important;margin-bottom: 80px !important;margin-left: 65px !important;}&#8221; el_class=&#8221;light&#8221;]<strong>MOD\u00c8LE :<\/strong> Montre homme PROSPEX R\u00e9interpr\u00e9tation moderne 1968 ~ Automatique Diver&#8217;s 200M<br \/>\n<strong>MOUVEMENT :<\/strong> Automatique<br \/>\n<strong>R\u00c9SISTANCE MAGN\u00c9TIQUE :<\/strong> 4800 A\/m (60 gauss)<br \/>\n<strong>\u00c9TANCH\u00c9IT\u00c9 :<\/strong> Diver\u2019s 200 m\u00e8tres (plong\u00e9e professionnelle)<br \/>\n<strong>LUNETTE : <\/strong>Acier inoxydable, rev\u00eatement titane carbon\u00e9, Rotative, Unidirectionnelle<br \/>\n<strong>VERRE :<\/strong> Saphir, Trait\u00e9 anti-reflets<br \/>\n<strong>CADRAN : <\/strong>Noir<br \/>\n<strong>INDEX :<\/strong> Lumibrite<br \/>\n<strong>AIGUILLES :<\/strong> Lumibrite<br \/>\n<strong>BO\u00ceTIER :<\/strong> Acier inoxydable, rev\u00eatement anti-\u00e9raflure<br \/>\n<strong>COURONNE :<\/strong> Acier inoxydable, Viss\u00e9e<br \/>\n<strong>OUVERTURE DE BO\u00ceTE :<\/strong> 44 mm<br \/>\n<strong>BRACELET :<\/strong> Acier inoxydable, Rev\u00eatement anti-\u00e9raflure<br \/>\n<strong>BOUCLE \/ FERMOIR :<\/strong> D\u00e9ployante avec bouton-poussoir, S\u00e9curit\u00e9, avec ajusteur<br \/>\n<strong>LONGUEUR DU BRACELET :<\/strong> de 16 \u00e0 21 cm[\/vc_column_text][vc_single_image image=&#8221;2034&#8243; img_size=&#8221;full&#8221; css=&#8221;.vc_custom_1576835353136{margin-right: 55px !important;}&#8221;][\/vc_column_inner][vc_column_inner width=&#8221;1\/2&#8243;][vc_single_image image=&#8221;2032&#8243; img_size=&#8221;full&#8221; alignment=&#8221;right&#8221; css=&#8221;.vc_custom_1576835364821{margin-bottom: 80px !important;margin-left: 60px !important;}&#8221;][vc_custom_heading text=&#8221;Fonctions&#8221; use_theme_fonts=&#8221;yes&#8221; css=&#8221;.vc_custom_1565281500335{margin-top: 45px !important;margin-right: 65px !important;margin-bottom: 40px !important;margin-left: 65px !important;}&#8221;][vc_column_text css=&#8221;.vc_custom_1576833879262{margin-right: 90px !important;margin-left: 60px !important;}&#8221; el_class=&#8221;light&#8221;]<strong>CALIBRE : <\/strong>6R35<br \/>\n<strong>FONCTIONS :<\/strong> 3 aiguilles, Date, Remontage manuel possible<br \/>\n<strong>R\u00c9SERVE DE MARCHE :<\/strong> 50 heure(s) en pleine charge<br \/>\n<strong>RUBIS :<\/strong> 24<br \/>\n<strong>PR\u00c9CISION :<\/strong> -15\/+25 secondes par jour[\/vc_column_text][\/vc_column_inner][\/vc_row_inner][\/vc_column][\/vc_row]<\/p>\n","protected":false},"excerpt":{"rendered":"<p>Cette montre est une r\u00e9interpr\u00e9tation moderne de la montre de plong\u00e9e automatique de 1968. Elle reprend le design du mod\u00e8le original, mais dans un style plus moderne, avec une lunette plus fine et des aiguilles plus contemporaines. Elle est \u00e9tanche jusqu&#8217;\u00e0 200\u00a0m\u00e8tres, sans doute con\u00e7ue pour la haute mer.<\/p>\n<p><strong><a href=\"https:\/\/www.seikoboutique.fr\/manuels\/6r15.pdf\" target=\"_blank\" rel=\"noopener noreferrer\">Manuel d&#8217;utilisation<\/a><\/strong><\/p>\n","protected":false},"featured_media":2089,"template":"","meta":[],"product_cat":[174,172],"product_tag":[],"aioseo_notices":[],"_links":{"self":[{"href":"https:\/\/bijouterie-babylone.fr\/en\/wp-json\/wp\/v2\/product\/3234"}],"collection":[{"href":"https:\/\/bijouterie-babylone.fr\/en\/wp-json\/wp\/v2\/product"}],"about":[{"href":"https:\/\/bijouterie-babylone.fr\/en\/wp-json\/wp\/v2\/types\/product"}],"wp:featuredmedia":[{"embeddable":true,"href":"https:\/\/bijouterie-babylone.fr\/en\/wp-json\/wp\/v2\/media\/2089"}],"wp:attachment":[{"href":"https:\/\/bijouterie-babylone.fr\/en\/wp-json\/wp\/v2\/media?parent=3234"}],"wp:term":[{"taxonomy":"product_cat","embeddable":true,"href":"https:\/\/bijouterie-babylone.fr\/en\/wp-json\/wp\/v2\/product_cat?post=3234"},{"taxonomy":"product_tag","embeddable":true,"href":"https:\/\/bijouterie-babylone.fr\/en\/wp-json\/wp\/v2\/product_tag?post=3234"}],"curies":[{"name":"wp","href":"https:\/\/api.w.org\/{rel}","templated":true}]}}