{"id":3231,"date":"2019-12-20T16:18:58","date_gmt":"2019-12-20T15:18:58","guid":{"rendered":"https:\/\/bijouterie-babylone.fr\/product\/montre-homme-prospex-sne435p1\/"},"modified":"2020-05-03T23:35:33","modified_gmt":"2020-05-03T21:35:33","slug":"montre-homme-prospex-sne435p1","status":"publish","type":"product","link":"https:\/\/bijouterie-babylone.fr\/en\/product\/montre-homme-prospex-sne435p1\/","title":{"rendered":"Men&#8217;s Seiko Prospex &#8211; SNE435P1"},"content":{"rendered":"<p>[vc_row][vc_column width=&#8221;5\/6&#8243; offset=&#8221;vc_col-lg-offset-1 vc_col-md-offset-1&#8243;][vc_row_inner][vc_column_inner width=&#8221;1\/2&#8243;][vc_custom_heading text=&#8221;Habillage&#8221; use_theme_fonts=&#8221;yes&#8221; css=&#8221;.vc_custom_1565281605174{margin-right: 90px !important;margin-bottom: 56px !important;margin-left: 60px !important;}&#8221;][vc_column_text css=&#8221;.vc_custom_1576858494834{margin-right: 65px !important;margin-bottom: 80px !important;margin-left: 65px !important;}&#8221; el_class=&#8221;light&#8221;]<strong>MOD\u00c8LE :<\/strong> Montre homme PROSPEX Edition sp\u00e9ciale PADI &#8211; Quartz solaire<br \/>\n<strong>MOUVEMENT :<\/strong> Quartz solaire<br \/>\n<strong>R\u00c9SISTANCE MAGN\u00c9TIQUE :<\/strong> 4800 A\/m (60 gauss)<br \/>\n<strong>\u00c9TANCH\u00c9IT\u00c9 :<\/strong> Diver\u2019s 200 m\u00e8tres (plong\u00e9e professionnelle)<br \/>\n<strong>LUNETTE : <\/strong>Acier inoxydable, Rotative, Unidirectionnelle<br \/>\n<strong>VERRE :<\/strong> Hardlex (verre min\u00e9ral tremp\u00e9)<br \/>\n<strong>CADRAN : <\/strong>Capteur solaire, Bleu fonc\u00e9<br \/>\n<strong>INDEX :<\/strong> Lumibrite<br \/>\n<strong>AIGUILLES :<\/strong> Lumibrite<br \/>\n<strong>BO\u00ceTIER :<\/strong> Acier inoxydable<br \/>\n<strong>COURONNE :<\/strong> Acier inoxydable, Viss\u00e9e<br \/>\n<strong>OUVERTURE DE BO\u00ceTE :<\/strong> 43.5 mm<br \/>\n<strong>BRACELET :<\/strong> Acier inoxydable<br \/>\n<strong>BOUCLE \/ FERMOIR :<\/strong> D\u00e9ployante avec bouton-poussoir<br \/>\n<strong>LONGUEUR DU BRACELET :<\/strong> de 16 \u00e0 21 cm[\/vc_column_text][vc_single_image image=&#8221;2082&#8243; img_size=&#8221;full&#8221; css=&#8221;.vc_custom_1576861274043{margin-right: 55px !important;}&#8221;][\/vc_column_inner][vc_column_inner width=&#8221;1\/2&#8243;][vc_single_image image=&#8221;2080&#8243; img_size=&#8221;full&#8221; alignment=&#8221;right&#8221; css=&#8221;.vc_custom_1576858593410{margin-bottom: 80px !important;margin-left: 60px !important;}&#8221;][vc_custom_heading text=&#8221;Fonctions&#8221; use_theme_fonts=&#8221;yes&#8221; css=&#8221;.vc_custom_1576103452312{margin-right: 65px !important;margin-bottom: 40px !important;margin-left: 65px !important;}&#8221;][vc_column_text css=&#8221;.vc_custom_1576858650200{margin-right: 90px !important;margin-left: 60px !important;}&#8221; el_class=&#8221;light&#8221;]<strong>CALIBRE : <\/strong>V157<br \/>\n<strong>FONCTIONS :<\/strong> 3 aiguilles, Date<br \/>\n<strong>R\u00c9SERVE DE MARCHE :<\/strong> 10 mois en pleine charge<br \/>\n<strong>PR\u00c9CISION :<\/strong> +\/-15 secondes par mois[\/vc_column_text][\/vc_column_inner][\/vc_row_inner][\/vc_column][\/vc_row]<\/p>\n","protected":false},"excerpt":{"rendered":"<p>Pour c\u00e9l\u00e9brer le partenariat avec l&#8217;Association professionnelle des Instructeurs de Plong\u00e9e, Seiko a lanc\u00e9 une \u00e9dition sp\u00e9ciale PROSPEX PADI en 2016. Ce nouveau mod\u00e8le PROSPEX Edition Sp\u00e9ciale PADI abrite un mouvement quartz solaire. Il est dot\u00e9 d\u2019un cadran lumineux bleu clair affichant le logo PADI.<\/p>\n<p><a href=\"https:\/\/www.seikoboutique.fr\/manuels\/V157.pdf\" target=\"_blank\" rel=\"noopener noreferrer\"><strong>Manuel d&#8217;utilisation<\/strong><\/a><\/p>\n","protected":false},"featured_media":2083,"template":"","meta":[],"product_cat":[174,172],"product_tag":[],"aioseo_notices":[],"_links":{"self":[{"href":"https:\/\/bijouterie-babylone.fr\/en\/wp-json\/wp\/v2\/product\/3231"}],"collection":[{"href":"https:\/\/bijouterie-babylone.fr\/en\/wp-json\/wp\/v2\/product"}],"about":[{"href":"https:\/\/bijouterie-babylone.fr\/en\/wp-json\/wp\/v2\/types\/product"}],"wp:featuredmedia":[{"embeddable":true,"href":"https:\/\/bijouterie-babylone.fr\/en\/wp-json\/wp\/v2\/media\/2083"}],"wp:attachment":[{"href":"https:\/\/bijouterie-babylone.fr\/en\/wp-json\/wp\/v2\/media?parent=3231"}],"wp:term":[{"taxonomy":"product_cat","embeddable":true,"href":"https:\/\/bijouterie-babylone.fr\/en\/wp-json\/wp\/v2\/product_cat?post=3231"},{"taxonomy":"product_tag","embeddable":true,"href":"https:\/\/bijouterie-babylone.fr\/en\/wp-json\/wp\/v2\/product_tag?post=3231"}],"curies":[{"name":"wp","href":"https:\/\/api.w.org\/{rel}","templated":true}]}}