{"id":3228,"date":"2019-12-21T17:07:38","date_gmt":"2019-12-21T16:07:38","guid":{"rendered":"https:\/\/bijouterie-babylone.fr\/product\/montre-homme-prospex-srpd09k1\/"},"modified":"2020-04-26T16:52:55","modified_gmt":"2020-04-26T14:52:55","slug":"montre-homme-prospex-srpd09k1","status":"publish","type":"product","link":"https:\/\/bijouterie-babylone.fr\/en\/product\/montre-homme-prospex-srpd09k1\/","title":{"rendered":"Men&#8217;s Seiko Prospex &#8211; SRPD09K1"},"content":{"rendered":"<p>[vc_row][vc_column width=&#8221;5\/6&#8243; offset=&#8221;vc_col-lg-offset-1 vc_col-md-offset-1&#8243;][vc_row_inner][vc_column_inner width=&#8221;1\/2&#8243;][vc_custom_heading text=&#8221;Habillage&#8221; use_theme_fonts=&#8221;yes&#8221; css=&#8221;.vc_custom_1565281605174{margin-right: 90px !important;margin-bottom: 56px !important;margin-left: 60px !important;}&#8221;][vc_column_text css=&#8221;.vc_custom_1576945335712{margin-right: 65px !important;margin-bottom: 110px !important;margin-left: 65px !important;}&#8221; el_class=&#8221;light&#8221;]<strong>MOD\u00c8LE :<\/strong> Montre de plong\u00e9e homme Prospex \u00c9dition sp\u00e9ciale &#8220;Save the Ocean&#8221; Black Series<br \/>\n<strong>MOUVEMENT :<\/strong> Automatique<br \/>\n<strong>\u00c9TANCH\u00c9IT\u00c9 :<\/strong> Diver\u2019s 200 m\u00e8tres (plong\u00e9e professionnelle)<br \/>\n<strong>LUNETTE :<\/strong> Acier inoxydable, rev\u00eatement titane carbon\u00e9, Rotative, Unidirectionnelle<br \/>\n<strong>VERRE :<\/strong> Hardlex (verre min\u00e9ral tremp\u00e9)<br \/>\n<strong>CADRAN : <\/strong>Bleu, Textur\u00e9<br \/>\n<strong>INDEX :<\/strong> Lumibrite<br \/>\n<strong>AIGUILLES :<\/strong> Lumibrite<br \/>\n<strong>BO\u00ceTIER :<\/strong> Acier inoxydable, rev\u00eatement titane carbon\u00e9<br \/>\n<strong>COURONNE :<\/strong> Acier inoxydable, rev\u00eatement titane carbon\u00e9, Viss\u00e9e<br \/>\n<strong>OUVERTURE DE BO\u00ceTE :<\/strong> 43.8 mm<br \/>\n<strong>BRACELET :<\/strong> Silicone, Bleu fonc\u00e9<br \/>\n<strong>BOUCLE \/ FERMOIR :<\/strong> Ardillon<br \/>\n<strong>LONGUEUR DU BRACELET :<\/strong> de 16 \u00e0 21 cm[\/vc_column_text][vc_single_image image=&#8221;2120&#8243; img_size=&#8221;full&#8221; css=&#8221;.vc_custom_1576945162737{margin-right: 55px !important;}&#8221;][\/vc_column_inner][vc_column_inner width=&#8221;1\/2&#8243;][vc_single_image image=&#8221;2122&#8243; img_size=&#8221;full&#8221; alignment=&#8221;right&#8221; css=&#8221;.vc_custom_1576945177761{margin-bottom: 80px !important;margin-left: 60px !important;}&#8221;][vc_custom_heading text=&#8221;Fonctions&#8221; use_theme_fonts=&#8221;yes&#8221; css=&#8221;.vc_custom_1565281500335{margin-top: 45px !important;margin-right: 65px !important;margin-bottom: 40px !important;margin-left: 65px !important;}&#8221;][vc_column_text css=&#8221;.vc_custom_1576945357081{margin-right: 90px !important;margin-left: 60px !important;}&#8221; el_class=&#8221;light&#8221;]<strong>CALIBRE : 4<\/strong>R35<br \/>\n<strong>FONCTIONS :<\/strong> 3 aiguilles, Date, Remontage manuel possible<br \/>\n<strong>R\u00c9SERVE DE MARCHE :<\/strong> 41 heure(s) en pleine charge<br \/>\n<strong>RUBIS :<\/strong> 24<br \/>\n<strong>PR\u00c9CISION :<\/strong> -35\/+45 secondes par jour[\/vc_column_text][\/vc_column_inner][\/vc_row_inner][\/vc_column][\/vc_row]<\/p>\n","protected":false},"excerpt":{"rendered":"<p>La collection Prospex est l&#8217;une de nos collections phares. Sa raison d&#8217;\u00eatre : des montres pr\u00e9cises et fiables, m\u00eame dans des conditions les plus exigeantes, capables d&#8217;endurer les sollicitations et contraintes des sports aquatiques, a\u00e9riens et terrestres. Combinaison parfaite entre technologie aboutie et design soign\u00e9, Prospex propose des montres de plong\u00e9e aux normes Seiko &#8220;Diver&#8217;s&#8221;.<\/p>\n<p><a href=\"https:\/\/www.seikoboutique.fr\/manuels\/4r35.pdf\" target=\"_blank\" rel=\"noopener noreferrer\"><strong>Manuel d&#8217;utilisation<\/strong><\/a><\/p>\n","protected":false},"featured_media":2119,"template":"","meta":[],"product_cat":[174,172],"product_tag":[],"aioseo_notices":[],"_links":{"self":[{"href":"https:\/\/bijouterie-babylone.fr\/en\/wp-json\/wp\/v2\/product\/3228"}],"collection":[{"href":"https:\/\/bijouterie-babylone.fr\/en\/wp-json\/wp\/v2\/product"}],"about":[{"href":"https:\/\/bijouterie-babylone.fr\/en\/wp-json\/wp\/v2\/types\/product"}],"wp:featuredmedia":[{"embeddable":true,"href":"https:\/\/bijouterie-babylone.fr\/en\/wp-json\/wp\/v2\/media\/2119"}],"wp:attachment":[{"href":"https:\/\/bijouterie-babylone.fr\/en\/wp-json\/wp\/v2\/media?parent=3228"}],"wp:term":[{"taxonomy":"product_cat","embeddable":true,"href":"https:\/\/bijouterie-babylone.fr\/en\/wp-json\/wp\/v2\/product_cat?post=3228"},{"taxonomy":"product_tag","embeddable":true,"href":"https:\/\/bijouterie-babylone.fr\/en\/wp-json\/wp\/v2\/product_tag?post=3228"}],"curies":[{"name":"wp","href":"https:\/\/api.w.org\/{rel}","templated":true}]}}