{"id":3222,"date":"2019-12-22T15:22:51","date_gmt":"2019-12-22T14:22:51","guid":{"rendered":"https:\/\/bijouterie-babylone.fr\/product\/montre-homme-prospex-sse169j1\/"},"modified":"2020-04-26T16:45:42","modified_gmt":"2020-04-26T14:45:42","slug":"montre-homme-prospex-sse169j1","status":"publish","type":"product","link":"https:\/\/bijouterie-babylone.fr\/en\/product\/montre-homme-prospex-sse169j1\/","title":{"rendered":"Men&#8217;s Seiko Astron &#8211; SSE169J1"},"content":{"rendered":"<p>[vc_row][vc_column width=&#8221;5\/6&#8243; offset=&#8221;vc_col-lg-offset-1 vc_col-md-offset-1&#8243;][vc_row_inner][vc_column_inner width=&#8221;1\/2&#8243;][vc_custom_heading text=&#8221;Habillage&#8221; use_theme_fonts=&#8221;yes&#8221; css=&#8221;.vc_custom_1565281605174{margin-right: 90px !important;margin-bottom: 56px !important;margin-left: 60px !important;}&#8221;][vc_column_text css=&#8221;.vc_custom_1577025346156{margin-right: 65px !important;margin-bottom: 110px !important;margin-left: 65px !important;}&#8221; el_class=&#8221;light&#8221;]<strong>MOD\u00c8LE :<\/strong> Montre homme Astron Sport Ex\u00e9cutive Double fuseau horaire &#8211; Quartz GPS Solaire<br \/>\n<strong>MOUVEMENT :<\/strong> Quartz GPS solaire<br \/>\n<strong>R\u00c9SISTANCE MAGN\u00c9TIQUE :<\/strong> 4800 A\/m (60 gauss)<br \/>\n<strong>\u00c9TANCH\u00c9IT\u00c9 :<\/strong> 20 bar<br \/>\n<strong>LUNETTE : <\/strong>C\u00e9ramique<br \/>\n<strong>VERRE :<\/strong> Saphir, Trait\u00e9 &#8220;Super clear&#8221; brevet\u00e9 Seiko<br \/>\n<strong>CADRAN : <\/strong>Capteur solaire, Noir<br \/>\n<strong>INDEX :<\/strong> Lumibrite<br \/>\n<strong>AIGUILLES :<\/strong> Lumibrite<br \/>\n<strong>BO\u00ceTIER :<\/strong> Titane haute intensit\u00e9<br \/>\n<strong>COURONNE :<\/strong> Titane haute intensit\u00e9<br \/>\n<strong>OUVERTURE DE BO\u00ceTE :<\/strong> 46.7 mm<br \/>\n<strong>BRACELET :<\/strong> Silicone haute r\u00e9sistance, Noir<br \/>\n<strong>BOUCLE \/ FERMOIR :<\/strong> D\u00e9ployante avec bouton-poussoir<br \/>\n<strong>LONGUEUR DU BRACELET :<\/strong> de 16 \u00e0 21 cm[\/vc_column_text][vc_single_image image=&#8221;2147&#8243; img_size=&#8221;full&#8221; css=&#8221;.vc_custom_1577025151325{margin-right: 55px !important;}&#8221;][\/vc_column_inner][vc_column_inner width=&#8221;1\/2&#8243;][vc_single_image image=&#8221;2145&#8243; img_size=&#8221;full&#8221; alignment=&#8221;right&#8221; css=&#8221;.vc_custom_1577025138334{margin-bottom: 80px !important;margin-left: 60px !important;}&#8221;][vc_custom_heading text=&#8221;Fonctions&#8221; use_theme_fonts=&#8221;yes&#8221; css=&#8221;.vc_custom_1565281500335{margin-top: 45px !important;margin-right: 65px !important;margin-bottom: 40px !important;margin-left: 65px !important;}&#8221;][vc_column_text css=&#8221;.vc_custom_1577025414009{margin-right: 90px !important;margin-left: 60px !important;}&#8221; el_class=&#8221;light&#8221;]<strong>CALIBRE : <\/strong>8X53<br \/>\n<strong>FONCTIONS :<\/strong> Ajustement de l&#8217;heure et du fuseau horaire par GPS, Indication de la r\u00e9ception du signal, Double fuseau horaire, Aiguilles heures, minutes, secondes, Aiguilles du double fuseau horaire situ\u00e9e dans un cadran \u00e0 6 h, Aiguille indicatrice matin (AM)\/apr\u00e8s-midi (PM), Aiguille indicatrice du jour r\u00e9trograde situ\u00e9e \u00e0 2 h, Aiguilles de fonctions, Calendrier perp\u00e9tuel ajust\u00e9 jusqu&#8217;en f\u00e9vrier 2100 (avec affichage de la date et du jour r\u00e9trograde), Heure mondiale (40 fuseaux horaires \/ s\u00e9lection par la couronne possible), Fonction de passage \u00e0 l&#8217;heure d&#8217;\u00e9t\u00e9\/d&#8217;hiver (DST), Mode avion, Mode d\u00e9monstration<br \/>\n<strong>R\u00c9SERVE DE MARCHE :<\/strong> 6 mois en pleine charge (2 ann\u00e9e(s) en mode \u00e9conomie d&#8217;\u00e9nergie)<br \/>\n<strong>PR\u00c9CISION :<\/strong> +\/-1 seconde tous les 100000 ann\u00e9e(s) avec signal GPS, +\/-15 secondes par mois sans signal GPS[\/vc_column_text][\/vc_column_inner][\/vc_row_inner][\/vc_column][\/vc_row]<\/p>\n","protected":false},"excerpt":{"rendered":"<p>Int\u00e9grant la s\u00e9rie Astron Sport Ex\u00e9cutive, cette montre GPS solaire est con\u00e7ue pour les hommes actifs en qu\u00eate de durabilit\u00e9 et de pr\u00e9cision. Elle adopte un style \u00e0 la fois sportif et urbain avec un cadran solaire noir et un bracelet en silicone, le tout assembl\u00e9 \u00e0 un bo\u00eetier en titane avec rev\u00eatement anti-\u00e9raflure. Sans aucun doute, elle saura s\u00e9duire le globe-trotteur qui est en vous.<\/p>\n<p><a href=\"https:\/\/www.seikoboutique.fr\/manuels\/8x53.pdf\" target=\"_blank\" rel=\"noopener noreferrer\"><strong>Manuel d&#8217;utilisation<\/strong><\/a><\/p>\n","protected":false},"featured_media":2148,"template":"","meta":[],"product_cat":[174,172],"product_tag":[],"aioseo_notices":[],"_links":{"self":[{"href":"https:\/\/bijouterie-babylone.fr\/en\/wp-json\/wp\/v2\/product\/3222"}],"collection":[{"href":"https:\/\/bijouterie-babylone.fr\/en\/wp-json\/wp\/v2\/product"}],"about":[{"href":"https:\/\/bijouterie-babylone.fr\/en\/wp-json\/wp\/v2\/types\/product"}],"wp:featuredmedia":[{"embeddable":true,"href":"https:\/\/bijouterie-babylone.fr\/en\/wp-json\/wp\/v2\/media\/2148"}],"wp:attachment":[{"href":"https:\/\/bijouterie-babylone.fr\/en\/wp-json\/wp\/v2\/media?parent=3222"}],"wp:term":[{"taxonomy":"product_cat","embeddable":true,"href":"https:\/\/bijouterie-babylone.fr\/en\/wp-json\/wp\/v2\/product_cat?post=3222"},{"taxonomy":"product_tag","embeddable":true,"href":"https:\/\/bijouterie-babylone.fr\/en\/wp-json\/wp\/v2\/product_tag?post=3222"}],"curies":[{"name":"wp","href":"https:\/\/api.w.org\/{rel}","templated":true}]}}