{"id":3221,"date":"2019-12-22T16:32:18","date_gmt":"2019-12-22T15:32:18","guid":{"rendered":"https:\/\/bijouterie-babylone.fr\/product\/montre-homme-astron-sse143j1\/"},"modified":"2020-04-26T16:44:51","modified_gmt":"2020-04-26T14:44:51","slug":"montre-homme-astron-sse143j1","status":"publish","type":"product","link":"https:\/\/bijouterie-babylone.fr\/en\/product\/montre-homme-astron-sse143j1\/","title":{"rendered":"Men&#8217;s Seiko Astron &#8211; SSE143J1"},"content":{"rendered":"<p>[vc_row][vc_column width=&#8221;5\/6&#8243; offset=&#8221;vc_col-lg-offset-1 vc_col-md-offset-1&#8243;][vc_row_inner][vc_column_inner width=&#8221;1\/2&#8243;][vc_custom_heading text=&#8221;Habillage&#8221; use_theme_fonts=&#8221;yes&#8221; css=&#8221;.vc_custom_1565281605174{margin-right: 90px !important;margin-bottom: 56px !important;margin-left: 60px !important;}&#8221;][vc_column_text css=&#8221;.vc_custom_1577033217257{margin-right: 65px !important;margin-bottom: 110px !important;margin-left: 65px !important;}&#8221; el_class=&#8221;light&#8221;]<strong>MOD\u00c8LE :<\/strong> Montre homme Astron Sport Ex\u00e9cutive Double fuseau horaire &#8211; Quartz GPS Solaire &#8211; <strong>N\u00b0872\/5000<\/strong><br \/>\n<strong>MOUVEMENT :<\/strong> Quartz GPS solaire<br \/>\n<strong>R\u00c9SISTANCE MAGN\u00c9TIQUE :<\/strong> 4800 A\/m (60 gauss)<br \/>\n<strong>\u00c9TANCH\u00c9IT\u00c9 :<\/strong> 10 BAR<br \/>\n<strong>LUNETTE : <\/strong>C\u00e9ramique<br \/>\n<strong>VERRE :<\/strong> Saphir<br \/>\n<strong>CADRAN : <\/strong>Capteur solaire, Noir<br \/>\n<strong>INDEX :<\/strong> Lumibrite, chiffres arabes<br \/>\n<strong>AIGUILLES :<\/strong> Lumibrite<br \/>\n<strong>BO\u00ceTIER :<\/strong> Acier trait\u00e9 PVD<br \/>\n<strong>COURONNE :<\/strong> Acier trait\u00e9 PVD<br \/>\n<strong>OUVERTURE DE BO\u00ceTE :<\/strong> 45 mm<br \/>\n<strong>BRACELET :<\/strong> Caoutchouc, Noir<br \/>\n<strong>BOUCLE \/ FERMOIR :<\/strong> D\u00e9ployante avec bouton-poussoir<br \/>\n<strong>LONGUEUR DU BRACELET :<\/strong> de 16 \u00e0 21 cm[\/vc_column_text][vc_single_image image=&#8221;2152&#8243; img_size=&#8221;full&#8221; css=&#8221;.vc_custom_1577030116535{margin-right: 55px !important;}&#8221;][\/vc_column_inner][vc_column_inner width=&#8221;1\/2&#8243;][vc_single_image image=&#8221;2154&#8243; img_size=&#8221;full&#8221; alignment=&#8221;right&#8221; css=&#8221;.vc_custom_1577030130013{margin-bottom: 80px !important;margin-left: 60px !important;}&#8221;][vc_custom_heading text=&#8221;Fonctions&#8221; use_theme_fonts=&#8221;yes&#8221; css=&#8221;.vc_custom_1565281500335{margin-top: 45px !important;margin-right: 65px !important;margin-bottom: 40px !important;margin-left: 65px !important;}&#8221;][vc_column_text css=&#8221;.vc_custom_1577029569396{margin-right: 90px !important;margin-left: 60px !important;}&#8221; el_class=&#8221;light&#8221;]<strong>CALIBRE : <\/strong>8X42<br \/>\n<strong>FONCTIONS :<\/strong> Ajustement de l&#8217;heure et du fuseau horaire par GPS, Indication de la r\u00e9ception du signal, Double fuseau horaire, Aiguilles heures, minutes, secondes, Aiguilles du double fuseau horaire situ\u00e9e dans un cadran \u00e0 6 h, Aiguille indicatrice matin (AM)\/apr\u00e8s-midi (PM), Aiguille indicatrice du jour r\u00e9trograde situ\u00e9e \u00e0 2 h, Aiguilles de fonctions, Calendrier perp\u00e9tuel ajust\u00e9 jusqu&#8217;en f\u00e9vrier 2100 (avec affichage de la date et du jour r\u00e9trograde), Heure mondiale (40 fuseaux horaires \/ s\u00e9lection par la couronne possible), Fonction de passage \u00e0 l&#8217;heure d&#8217;\u00e9t\u00e9\/d&#8217;hiver (DST), Mode avion.<br \/>\n<strong>R\u00c9SERVE DE MARCHE :<\/strong> 6 mois en pleine charge (2 ann\u00e9e(s) en mode \u00e9conomie d&#8217;\u00e9nergie)<br \/>\n<strong>PR\u00c9CISION :<\/strong> +\/-1 seconde tous les 100000 ann\u00e9e(s) avec signal GPS, +\/-15 secondes par mois sans signal GPS[\/vc_column_text][\/vc_column_inner][\/vc_row_inner][\/vc_column][\/vc_row]<\/p>\n","protected":false},"excerpt":{"rendered":"<p style=\"text-align: center\"><em style=\"font-size: 1.125rem\"><strong>Edition limit\u00e9e de 5000 pi\u00e8ces<\/strong><\/em><\/p>\n<p>Seiko vous d\u00e9voile cette montre Astron GPS Solaire double fuseau horaire en \u00e9dition limit\u00e9e \u00e0 5000 exemplaires, \u00e0 l&#8217;image d&#8217;un sportif de haut niveau Novak Djokovic. Au del\u00e0 de son design raffin\u00e9 et de sa haute technicit\u00e9 horlog\u00e8re, cette montre Seiko poss\u00e8de une histoire : l&#8217;association d&#8217;une maison et d&#8217;un grand joueur de tennis, qui partagent les m\u00eames valeurs. Perfectionniste et d\u00e9termin\u00e9 sont les deux adjectifs qui les qualifieraient, leur permettant d&#8217;avoir toujours un &#8216;pas en avance&#8217; sur le reste. Port\u00e9 par un bracelet en silicone noir, le bo\u00eetier de 45.5 mm d&#8217;ouverture, en acier trait\u00e9 PVD noir anti-\u00e9raflure, renferme un mouvement \u00e0 quartz performant. Son cadran noir est compos\u00e9 de trois aiguilles et d&#8217;un double guichet date \u00e0 midi, r\u00e9gl\u00e9 jusqu&#8217;en 2100, qui vous offrira une meilleure lisibilit\u00e9. Vous pourrez, comme Novak Djokovic, parcourir le monde avec cette montre Seiko Astron GPS double fuseau horaire qui sera une v\u00e9ritable gardienne de votre temps et qui se r\u00e9glera d&#8217;un simple clic gr\u00e2ce aux capteurs GPS satellite int\u00e9gr\u00e9s.<\/p>\n<p><a href=\"https:\/\/storage.seikowatches.com\/production\/files\/2018\/03\/20\/143451028064\/pdf\/french\/8X42_f.pdf\" target=\"_blank\" rel=\"noopener noreferrer\"><strong>Manuel d&#8217;utilisation<\/strong><\/a><\/p>\n","protected":false},"featured_media":2151,"template":"","meta":[],"product_cat":[174,172],"product_tag":[],"aioseo_notices":[],"_links":{"self":[{"href":"https:\/\/bijouterie-babylone.fr\/en\/wp-json\/wp\/v2\/product\/3221"}],"collection":[{"href":"https:\/\/bijouterie-babylone.fr\/en\/wp-json\/wp\/v2\/product"}],"about":[{"href":"https:\/\/bijouterie-babylone.fr\/en\/wp-json\/wp\/v2\/types\/product"}],"wp:featuredmedia":[{"embeddable":true,"href":"https:\/\/bijouterie-babylone.fr\/en\/wp-json\/wp\/v2\/media\/2151"}],"wp:attachment":[{"href":"https:\/\/bijouterie-babylone.fr\/en\/wp-json\/wp\/v2\/media?parent=3221"}],"wp:term":[{"taxonomy":"product_cat","embeddable":true,"href":"https:\/\/bijouterie-babylone.fr\/en\/wp-json\/wp\/v2\/product_cat?post=3221"},{"taxonomy":"product_tag","embeddable":true,"href":"https:\/\/bijouterie-babylone.fr\/en\/wp-json\/wp\/v2\/product_tag?post=3221"}],"curies":[{"name":"wp","href":"https:\/\/api.w.org\/{rel}","templated":true}]}}