{"id":3215,"date":"2019-12-23T11:55:32","date_gmt":"2019-12-23T10:55:32","guid":{"rendered":"https:\/\/bijouterie-babylone.fr\/product\/montre-homme-presage-ssa355j1\/"},"modified":"2020-04-26T16:37:38","modified_gmt":"2020-04-26T14:37:38","slug":"montre-homme-presage-ssa355j1","status":"publish","type":"product","link":"https:\/\/bijouterie-babylone.fr\/en\/product\/montre-homme-presage-ssa355j1\/","title":{"rendered":"Men&#8217;s Seiko Presage &#8211; SSA355J1"},"content":{"rendered":"<p>[vc_row][vc_column width=&#8221;5\/6&#8243; offset=&#8221;vc_col-lg-offset-1 vc_col-md-offset-1&#8243;][vc_row_inner][vc_column_inner width=&#8221;1\/2&#8243;][vc_custom_heading text=&#8221;Habillage&#8221; use_theme_fonts=&#8221;yes&#8221; css=&#8221;.vc_custom_1565281605174{margin-right: 90px !important;margin-bottom: 56px !important;margin-left: 60px !important;}&#8221;][vc_column_text css=&#8221;.vc_custom_1577098791057{margin-right: 65px !important;margin-bottom: 110px !important;margin-left: 65px !important;}&#8221; el_class=&#8221;light&#8221;]<strong>MOD\u00c8LE :<\/strong> Montre homme PRESAGE coeur ouvert ~ Automatique<br \/>\n<strong>MOUVEMENT :<\/strong> Automatique<br \/>\n<strong>R\u00c9SISTANCE MAGN\u00c9TIQUE :<\/strong> 4800A\/m (60 Gauss)<br \/>\n<strong>\u00c9TANCH\u00c9IT\u00c9 :<\/strong> 10 bar<br \/>\n<strong>LUNETTE : <\/strong>Acier inoxydable<br \/>\n<strong>VERRE :<\/strong> Saphir<br \/>\n<strong>CADRAN : <\/strong>Gris argent, Coeur ouvert \u00e0 9h<br \/>\n<strong>INDEX : <\/strong>Argent\u00e9<br \/>\n<strong>AIGUILLES : <\/strong>Dor\u00e9es<br \/>\n<strong>BO\u00ceTIER :<\/strong> Acier inoxydable<br \/>\n<strong>COURONNE :<\/strong> Acier inoxydable<br \/>\n<strong>OUVERTURE DE BO\u00ceTE :<\/strong> 41 mm<br \/>\n<strong>BRACELET : <\/strong>Acier inoxydable<br \/>\n<strong>BOUCLE \/ FERMOIR :<\/strong> D\u00e9ployante avec bouton-poussoir<br \/>\n<strong>LONGUEUR DU BRACELET :<\/strong> de 16 \u00e0 21 cm[\/vc_column_text][vc_single_image image=&#8221;2189&#8243; img_size=&#8221;full&#8221; css=&#8221;.vc_custom_1577098961385{margin-right: 55px !important;}&#8221;][\/vc_column_inner][vc_column_inner width=&#8221;1\/2&#8243;][vc_single_image image=&#8221;2191&#8243; img_size=&#8221;full&#8221; alignment=&#8221;right&#8221; css=&#8221;.vc_custom_1577098978751{margin-bottom: 80px !important;margin-left: 60px !important;}&#8221;][vc_custom_heading text=&#8221;Fonctions&#8221; use_theme_fonts=&#8221;yes&#8221; css=&#8221;.vc_custom_1565281500335{margin-top: 45px !important;margin-right: 65px !important;margin-bottom: 40px !important;margin-left: 65px !important;}&#8221;][vc_column_text css=&#8221;.vc_custom_1577098828843{margin-right: 90px !important;margin-left: 60px !important;}&#8221; el_class=&#8221;light&#8221;]<strong>CALIBRE : <\/strong>4R38<br \/>\n<strong>FONCTIONS :<\/strong> 3 aiguilles, Fonction arr\u00eat de seconde, Remontage manuel possible<br \/>\n<strong>R\u00c9SERVE DE MARCHE :<\/strong> 41 heure(s) en pleine charge<br \/>\n<strong>RUBIS :<\/strong> 24<br \/>\n<strong>PR\u00c9CISION :<\/strong> -35\/+45 secondes par jour[\/vc_column_text][\/vc_column_inner][\/vc_row_inner][\/vc_column][\/vc_row]<\/p>\n","protected":false},"excerpt":{"rendered":"<p>Le Japon est riche d&#8217;une culture ancestrale qui accorde beaucoup d&#8217;importance aux traditions. Fermement ancr\u00e9e dans cette tradition, tant en termes d&#8217;esth\u00e9tique que de fabrication, Presage offre une fiabilit\u00e9 ultime et des performances inalt\u00e9r\u00e9es par les ann\u00e9es. Propos\u00e9e dans le monde entier, Presage est notre collection phare de montres m\u00e9caniques.<\/p>\n<p><a href=\"https:\/\/www.seikoboutique.fr\/manuels\/4r38.pdf\" target=\"_blank\" rel=\"noopener noreferrer\"><strong>Manuel d&#8217;utilisation<\/strong><\/a><\/p>\n","protected":false},"featured_media":2188,"template":"","meta":[],"product_cat":[174,172],"product_tag":[],"aioseo_notices":[],"_links":{"self":[{"href":"https:\/\/bijouterie-babylone.fr\/en\/wp-json\/wp\/v2\/product\/3215"}],"collection":[{"href":"https:\/\/bijouterie-babylone.fr\/en\/wp-json\/wp\/v2\/product"}],"about":[{"href":"https:\/\/bijouterie-babylone.fr\/en\/wp-json\/wp\/v2\/types\/product"}],"wp:featuredmedia":[{"embeddable":true,"href":"https:\/\/bijouterie-babylone.fr\/en\/wp-json\/wp\/v2\/media\/2188"}],"wp:attachment":[{"href":"https:\/\/bijouterie-babylone.fr\/en\/wp-json\/wp\/v2\/media?parent=3215"}],"wp:term":[{"taxonomy":"product_cat","embeddable":true,"href":"https:\/\/bijouterie-babylone.fr\/en\/wp-json\/wp\/v2\/product_cat?post=3215"},{"taxonomy":"product_tag","embeddable":true,"href":"https:\/\/bijouterie-babylone.fr\/en\/wp-json\/wp\/v2\/product_tag?post=3215"}],"curies":[{"name":"wp","href":"https:\/\/api.w.org\/{rel}","templated":true}]}}