{"id":3207,"date":"2019-12-24T10:08:57","date_gmt":"2019-12-24T09:08:57","guid":{"rendered":"https:\/\/bijouterie-babylone.fr\/product\/montre-homme-presage-srpa13j1\/"},"modified":"2020-04-26T16:28:31","modified_gmt":"2020-04-26T14:28:31","slug":"montre-homme-presage-srpa13j1","status":"publish","type":"product","link":"https:\/\/bijouterie-babylone.fr\/en\/product\/montre-homme-presage-srpa13j1\/","title":{"rendered":"Men&#8217;s Seiko Presage &#8211; SRPA13J1"},"content":{"rendered":"<p>[vc_row][vc_column width=&#8221;5\/6&#8243; offset=&#8221;vc_col-lg-offset-1 vc_col-md-offset-1&#8243;][vc_row_inner][vc_column_inner width=&#8221;1\/2&#8243;][vc_custom_heading text=&#8221;Habillage&#8221; use_theme_fonts=&#8221;yes&#8221; css=&#8221;.vc_custom_1565281605174{margin-right: 90px !important;margin-bottom: 56px !important;margin-left: 60px !important;}&#8221;][vc_column_text css=&#8221;.vc_custom_1577179144828{margin-right: 65px !important;margin-bottom: 110px !important;margin-left: 65px !important;}&#8221; el_class=&#8221;light&#8221;]<strong>MOD\u00c8LE :<\/strong> Montre Homme PRESAGE &#8211; Automatique, date<br \/>\n<strong>MOUVEMENT :<\/strong> Automatique<br \/>\n<strong>\u00c9TANCH\u00c9IT\u00c9 :<\/strong> 10 bar<br \/>\n<strong>LUNETTE : <\/strong>Acier inoxydable<br \/>\n<strong>VERRE :<\/strong> Saphir<br \/>\n<strong>CADRAN : <\/strong>Blanc<br \/>\n<strong>BO\u00ceTIER :<\/strong> Acier inoxydable<br \/>\n<strong>COURONNE :<\/strong> Acier inoxydable<br \/>\n<strong>OUVERTURE DE BO\u00ceTE :<\/strong> 39.2 mm<br \/>\n<strong>BRACELET : <\/strong>Cuir, Noir<br \/>\n<strong>BOUCLE \/ FERMOIR :<\/strong> D\u00e9ployante avec bouton-poussoir<br \/>\n<strong>LONGUEUR DU BRACELET :<\/strong> de 16 \u00e0 21 cm[\/vc_column_text][vc_single_image image=&#8221;2234&#8243; img_size=&#8221;full&#8221; css=&#8221;.vc_custom_1577179024749{margin-right: 55px !important;}&#8221;][\/vc_column_inner][vc_column_inner width=&#8221;1\/2&#8243;][vc_single_image image=&#8221;2236&#8243; img_size=&#8221;full&#8221; alignment=&#8221;right&#8221; css=&#8221;.vc_custom_1577179035404{margin-bottom: 80px !important;margin-left: 60px !important;}&#8221;][vc_custom_heading text=&#8221;Fonctions&#8221; use_theme_fonts=&#8221;yes&#8221; css=&#8221;.vc_custom_1565281500335{margin-top: 45px !important;margin-right: 65px !important;margin-bottom: 40px !important;margin-left: 65px !important;}&#8221;][vc_column_text css=&#8221;.vc_custom_1577179079567{margin-right: 90px !important;margin-left: 60px !important;}&#8221; el_class=&#8221;light&#8221;]<strong>CALIBRE : <\/strong>4R35<br \/>\n<strong>FONCTIONS :<\/strong> 3 aiguilles, Date, Fonction arr\u00eat de seconde, Remontage manuel possible<br \/>\n<strong>R\u00c9SERVE DE MARCHE :<\/strong> 45 heure(s) en pleine charge<br \/>\n<strong>RUBIS :<\/strong> 23<br \/>\n<strong>PR\u00c9CISION :<\/strong> -35\/+45 secondes par jour[\/vc_column_text][\/vc_column_inner][\/vc_row_inner][\/vc_column][\/vc_row]<\/p>\n","protected":false},"excerpt":{"rendered":"<p>Ce mod\u00e8le Automatique est dot\u00e9 d&#8217;un bo\u00eetier en acier inoxydable abritant le mouvement automatique 3 aiguilles, une r\u00e9serve de marche de plus de 40 heures en pleine charge. Il est mont\u00e9 sur un bracelet en cuir marron. Son fond de bo\u00eete transparent viss\u00e9 vous laissera apercevoir le mouvement.\u00a0Une montre combinant beaut\u00e9 permanente et performance, destin\u00e9e \u00e0 tous les fans de l&#8217;horlogerie traditionnelle.<\/p>\n<p><a href=\"https:\/\/www.seikoboutique.fr\/manuels\/4r35.pdf\" target=\"_blank\" rel=\"noopener noreferrer\"><strong>Manuel d&#8217;utilisation<\/strong><\/a><\/p>\n","protected":false},"featured_media":2235,"template":"","meta":[],"product_cat":[174,172],"product_tag":[],"aioseo_notices":[],"_links":{"self":[{"href":"https:\/\/bijouterie-babylone.fr\/en\/wp-json\/wp\/v2\/product\/3207"}],"collection":[{"href":"https:\/\/bijouterie-babylone.fr\/en\/wp-json\/wp\/v2\/product"}],"about":[{"href":"https:\/\/bijouterie-babylone.fr\/en\/wp-json\/wp\/v2\/types\/product"}],"wp:featuredmedia":[{"embeddable":true,"href":"https:\/\/bijouterie-babylone.fr\/en\/wp-json\/wp\/v2\/media\/2235"}],"wp:attachment":[{"href":"https:\/\/bijouterie-babylone.fr\/en\/wp-json\/wp\/v2\/media?parent=3207"}],"wp:term":[{"taxonomy":"product_cat","embeddable":true,"href":"https:\/\/bijouterie-babylone.fr\/en\/wp-json\/wp\/v2\/product_cat?post=3207"},{"taxonomy":"product_tag","embeddable":true,"href":"https:\/\/bijouterie-babylone.fr\/en\/wp-json\/wp\/v2\/product_tag?post=3207"}],"curies":[{"name":"wp","href":"https:\/\/api.w.org\/{rel}","templated":true}]}}