{"id":3204,"date":"2019-12-24T10:43:30","date_gmt":"2019-12-24T09:43:30","guid":{"rendered":"https:\/\/bijouterie-babylone.fr\/product\/montre-homme-presage-srpd41j1\/"},"modified":"2020-04-26T16:26:55","modified_gmt":"2020-04-26T14:26:55","slug":"montre-homme-presage-srpd41j1","status":"publish","type":"product","link":"https:\/\/bijouterie-babylone.fr\/en\/product\/montre-homme-presage-srpd41j1\/","title":{"rendered":"Men&#8217;s Seiko Presage &#8211; SRPD41J1"},"content":{"rendered":"<p>[vc_row][vc_column width=&#8221;5\/6&#8243; offset=&#8221;vc_col-lg-offset-1 vc_col-md-offset-1&#8243;][vc_row_inner][vc_column_inner width=&#8221;1\/2&#8243;][vc_custom_heading text=&#8221;Habillage&#8221; use_theme_fonts=&#8221;yes&#8221; css=&#8221;.vc_custom_1565281605174{margin-right: 90px !important;margin-bottom: 56px !important;margin-left: 60px !important;}&#8221;][vc_column_text css=&#8221;.vc_custom_1577180712880{margin-right: 65px !important;margin-bottom: 110px !important;margin-left: 65px !important;}&#8221; el_class=&#8221;light&#8221;]<strong>MOD\u00c8LE :<\/strong> Montre homme Presage Jardin japonais &#8211; Automatique 3 Aiguilles<br \/>\n<strong>MOUVEMENT :<\/strong> Automatique<br \/>\n<strong>\u00c9TANCH\u00c9IT\u00c9 :<\/strong> 3 bar<br \/>\n<strong>LUNETTE : <\/strong>Acier inoxydable<br \/>\n<strong>VERRE :<\/strong> Saphir, Bomb\u00e9 int\u00e9rieur et ext\u00e9rieur<br \/>\n<strong>CADRAN : <\/strong>Bleu, Textur\u00e9<br \/>\n<strong>BO\u00ceTIER :<\/strong> Acier inoxydable<br \/>\n<strong>COURONNE :<\/strong> Acier inoxydable<br \/>\n<strong>OUVERTURE DE BO\u00ceTE :<\/strong> 41.7 mm<br \/>\n<strong>BRACELET : <\/strong>Acier inoxydable<br \/>\n<strong>BOUCLE \/ FERMOIR :<\/strong> D\u00e9ployante avec bouton-poussoir<br \/>\n<strong>LONGUEUR DU BRACELET :<\/strong> de 16 \u00e0 21 cm[\/vc_column_text][vc_single_image image=&#8221;2255&#8243; img_size=&#8221;full&#8221; css=&#8221;.vc_custom_1577181055349{margin-right: 55px !important;}&#8221;][\/vc_column_inner][vc_column_inner width=&#8221;1\/2&#8243;][vc_single_image image=&#8221;2257&#8243; img_size=&#8221;full&#8221; alignment=&#8221;right&#8221; css=&#8221;.vc_custom_1577181045129{margin-bottom: 80px !important;margin-left: 60px !important;}&#8221;][vc_custom_heading text=&#8221;Fonctions&#8221; use_theme_fonts=&#8221;yes&#8221; css=&#8221;.vc_custom_1565281500335{margin-top: 45px !important;margin-right: 65px !important;margin-bottom: 40px !important;margin-left: 65px !important;}&#8221;][vc_column_text css=&#8221;.vc_custom_1577180739549{margin-right: 90px !important;margin-left: 60px !important;}&#8221; el_class=&#8221;light&#8221;]<strong>CALIBRE : <\/strong>4R35<br \/>\n<strong>FONCTIONS :<\/strong> 3 aiguilles, Date, Remontage manuel possible<br \/>\n<strong>R\u00c9SERVE DE MARCHE :<\/strong> 41 heure(s) en pleine charge<br \/>\n<strong>RUBIS :<\/strong> 24<br \/>\n<strong>PR\u00c9CISION :<\/strong> -35\/+45 secondes par jour[\/vc_column_text][\/vc_column_inner][\/vc_row_inner][\/vc_column][\/vc_row]<\/p>\n","protected":false},"excerpt":{"rendered":"<p>Cette montre de la collection Presage est l&#8217;aboutissement du savoir faire traditionnel de la manufacture Seiko. Vous vous perdrez souvent dans l&#8217;admiration de la d\u00e9licate texture de son cadran bleu, rappelant le sable d&#8217;un jardin japonais. De fines aiguilles blanches, anim\u00e9es par un mouvement automatique, viennent contraster avec ce joli cadran. La montre est mont\u00e9e sur un bracelet en acier inoxydable et est dot\u00e9e d&#8217;un verre en saphir bomb\u00e9.<\/p>\n<p><a href=\"https:\/\/www.seikoboutique.fr\/manuels\/4r35.pdf\" target=\"_blank\" rel=\"noopener noreferrer\"><strong>Manuel d&#8217;utilisation<\/strong><\/a><\/p>\n","protected":false},"featured_media":2254,"template":"","meta":[],"product_cat":[174,172],"product_tag":[],"aioseo_notices":[],"_links":{"self":[{"href":"https:\/\/bijouterie-babylone.fr\/en\/wp-json\/wp\/v2\/product\/3204"}],"collection":[{"href":"https:\/\/bijouterie-babylone.fr\/en\/wp-json\/wp\/v2\/product"}],"about":[{"href":"https:\/\/bijouterie-babylone.fr\/en\/wp-json\/wp\/v2\/types\/product"}],"wp:featuredmedia":[{"embeddable":true,"href":"https:\/\/bijouterie-babylone.fr\/en\/wp-json\/wp\/v2\/media\/2254"}],"wp:attachment":[{"href":"https:\/\/bijouterie-babylone.fr\/en\/wp-json\/wp\/v2\/media?parent=3204"}],"wp:term":[{"taxonomy":"product_cat","embeddable":true,"href":"https:\/\/bijouterie-babylone.fr\/en\/wp-json\/wp\/v2\/product_cat?post=3204"},{"taxonomy":"product_tag","embeddable":true,"href":"https:\/\/bijouterie-babylone.fr\/en\/wp-json\/wp\/v2\/product_tag?post=3204"}],"curies":[{"name":"wp","href":"https:\/\/api.w.org\/{rel}","templated":true}]}}