{"id":3202,"date":"2019-12-26T14:08:55","date_gmt":"2019-12-26T13:08:55","guid":{"rendered":"https:\/\/bijouterie-babylone.fr\/product\/montre-homme-ssb327p1\/"},"modified":"2020-04-26T16:25:32","modified_gmt":"2020-04-26T14:25:32","slug":"montre-homme-ssb327p1","status":"publish","type":"product","link":"https:\/\/bijouterie-babylone.fr\/en\/product\/montre-homme-ssb327p1\/","title":{"rendered":"Men&#8217;s Seiko Sport &#8211; SSB327P1"},"content":{"rendered":"<p>[vc_row][vc_column width=&#8221;5\/6&#8243; offset=&#8221;vc_col-lg-offset-1 vc_col-md-offset-1&#8243;][vc_row_inner][vc_column_inner width=&#8221;1\/2&#8243;][vc_custom_heading text=&#8221;Habillage&#8221; use_theme_fonts=&#8221;yes&#8221; css=&#8221;.vc_custom_1565281605174{margin-right: 90px !important;margin-bottom: 56px !important;margin-left: 60px !important;}&#8221;][vc_column_text css=&#8221;.vc_custom_1577366241119{margin-right: 65px !important;margin-bottom: 110px !important;margin-left: 65px !important;}&#8221; el_class=&#8221;light&#8221;]<strong>MOD\u00c8LE :<\/strong> Montre homme SPORT Chronographe Tachym\u00e8tre &#8211; Quartz<br \/>\n<strong>MOUVEMENT :<\/strong> Quartz<br \/>\n<strong>\u00c9TANCH\u00c9IT\u00c9 :<\/strong> 10 bar<br \/>\n<strong>LUNETTE :<\/strong> Acier inoxydable, rev\u00eatement titane carbon\u00e9<br \/>\n<strong>VERRE :<\/strong> Hardlex (verre min\u00e9ral tremp\u00e9)<br \/>\n<strong>CADRAN :<\/strong> Noir, Textur\u00e9<br \/>\n<strong>AIGUILLES :<\/strong> Lumibrite<br \/>\n<strong>BO\u00ceTIER :<\/strong> Acier inoxydable, rev\u00eatement titane carbon\u00e9<br \/>\n<strong>COURONNE :<\/strong> Acier inoxydable, rev\u00eatement titane carbon\u00e9<br \/>\n<strong>OUVERTURE DE BO\u00ceTE :<\/strong> 43.9 mm<br \/>\n<strong>BRACELET :<\/strong> Silicone, Noir<br \/>\n<strong>BOUCLE \/ FERMOIR :<\/strong> Ardillon<br \/>\n<strong>LONGUEUR DU BRACELET :<\/strong> de 16 \u00e0 21 cm[\/vc_column_text][vc_single_image image=&#8221;2353&#8243; img_size=&#8221;full&#8221; css=&#8221;.vc_custom_1577366192966{margin-right: 55px !important;}&#8221;][\/vc_column_inner][vc_column_inner width=&#8221;1\/2&#8243;][vc_single_image image=&#8221;2357&#8243; img_size=&#8221;full&#8221; alignment=&#8221;right&#8221; css=&#8221;.vc_custom_1577366278829{margin-bottom: 80px !important;margin-left: 60px !important;}&#8221;][vc_custom_heading text=&#8221;Fonctions&#8221; use_theme_fonts=&#8221;yes&#8221; css=&#8221;.vc_custom_1565281500335{margin-top: 45px !important;margin-right: 65px !important;margin-bottom: 40px !important;margin-left: 65px !important;}&#8221;][vc_column_text css=&#8221;.vc_custom_1577366318283{margin-right: 90px !important;margin-left: 60px !important;}&#8221; el_class=&#8221;light&#8221;]<strong>CALIBRE :<\/strong> 8T67<br \/>\n<strong>FONCTIONS :<\/strong> Chronographe au 1\/5\u00e8me de seconde jusqu&#8217;\u00e0 12 h, Date, Petite seconde \u00e0 6 h<br \/>\n<strong>PR\u00c9CISION :<\/strong> +\/-15 secondes par mois[\/vc_column_text][\/vc_column_inner][\/vc_row_inner][\/vc_column][\/vc_row]<\/p>\n","protected":false},"excerpt":{"rendered":"<p>D\u00e9di\u00e9e aux hommes \u00e0 la recherche d&#8217;un style dynamique et urbain, cette montre Seiko Sport r\u00e9v\u00e9lera votre allure sportive gr\u00e2ce \u00e0 ses caract\u00e9ristiques esth\u00e9tiques et m\u00e9caniques. Associ\u00e9 \u00e0 3 compteurs qui \u00e9valueront vos performances sportives, ce chronographe dispose d&#8217;un bo\u00eetier en acier avec rev\u00eatement titane carbon\u00e9. Tr\u00e8s masculin, il est anim\u00e9 par un mouvement quartz d&#8217;une pr\u00e9cision redoutable.<\/p>\n<p><a href=\"https:\/\/www.seikoboutique.fr\/manuels\/8t67.pdf\" target=\"_blank\" rel=\"noopener noreferrer\"><strong>Manuel d\u2019utilisation<\/strong><\/a><\/p>\n","protected":false},"featured_media":2356,"template":"","meta":[],"product_cat":[174,172],"product_tag":[],"aioseo_notices":[],"_links":{"self":[{"href":"https:\/\/bijouterie-babylone.fr\/en\/wp-json\/wp\/v2\/product\/3202"}],"collection":[{"href":"https:\/\/bijouterie-babylone.fr\/en\/wp-json\/wp\/v2\/product"}],"about":[{"href":"https:\/\/bijouterie-babylone.fr\/en\/wp-json\/wp\/v2\/types\/product"}],"wp:featuredmedia":[{"embeddable":true,"href":"https:\/\/bijouterie-babylone.fr\/en\/wp-json\/wp\/v2\/media\/2356"}],"wp:attachment":[{"href":"https:\/\/bijouterie-babylone.fr\/en\/wp-json\/wp\/v2\/media?parent=3202"}],"wp:term":[{"taxonomy":"product_cat","embeddable":true,"href":"https:\/\/bijouterie-babylone.fr\/en\/wp-json\/wp\/v2\/product_cat?post=3202"},{"taxonomy":"product_tag","embeddable":true,"href":"https:\/\/bijouterie-babylone.fr\/en\/wp-json\/wp\/v2\/product_tag?post=3202"}],"curies":[{"name":"wp","href":"https:\/\/api.w.org\/{rel}","templated":true}]}}