{"id":3201,"date":"2019-12-26T14:27:11","date_gmt":"2019-12-26T13:27:11","guid":{"rendered":"https:\/\/bijouterie-babylone.fr\/product\/montre-homme-sport-ssb097p1\/"},"modified":"2020-04-26T16:24:59","modified_gmt":"2020-04-26T14:24:59","slug":"montre-homme-sport-ssb097p1","status":"publish","type":"product","link":"https:\/\/bijouterie-babylone.fr\/en\/product\/montre-homme-sport-ssb097p1\/","title":{"rendered":"Men&#8217;s Seiko Sport &#8211; SSB097P1"},"content":{"rendered":"<p>[vc_row][vc_column width=&#8221;5\/6&#8243; offset=&#8221;vc_col-lg-offset-1 vc_col-md-offset-1&#8243;][vc_row_inner][vc_column_inner width=&#8221;1\/2&#8243;][vc_custom_heading text=&#8221;Habillage&#8221; use_theme_fonts=&#8221;yes&#8221; css=&#8221;.vc_custom_1565281605174{margin-right: 90px !important;margin-bottom: 56px !important;margin-left: 60px !important;}&#8221;][vc_column_text css=&#8221;.vc_custom_1577367065958{margin-right: 65px !important;margin-bottom: 110px !important;margin-left: 65px !important;}&#8221; el_class=&#8221;light&#8221;]<strong>MOD\u00c8LE :<\/strong> Montre homme SPORT Chronographe Tachym\u00e8tre &#8211; Quartz<br \/>\n<strong>MOUVEMENT :<\/strong> Quartz<br \/>\n<strong>R\u00c9SISTANCE MAGN\u00c9TIQUE :<\/strong> 4800 A\/m (60 Gauss)<br \/>\n<strong>\u00c9TANCH\u00c9IT\u00c9 :<\/strong> 10 bar<br \/>\n<strong>LUNETTE :<\/strong> Acier inoxydable, Lunette interne tachym\u00e8trique<br \/>\n<strong>VERRE :<\/strong> Hardlex (verre min\u00e9ral tremp\u00e9)<br \/>\n<strong>CADRAN :<\/strong> Noir<br \/>\n<strong>INDEX :<\/strong> Lumibrite<br \/>\n<strong>AIGUILLES :<\/strong> Lumibrite<br \/>\n<strong>BO\u00ceTIER :<\/strong> Acier inoxydable<br \/>\n<strong>COURONNE :<\/strong> Acier inoxydable<br \/>\n<strong>OUVERTURE DE BO\u00ceTE :<\/strong> 44.9 mm<br \/>\n<strong>BRACELET :<\/strong> Cuir, Noir<br \/>\n<strong>BOUCLE \/ FERMOIR :<\/strong> Ardillon<br \/>\n<strong>LONGUEUR DU BRACELET :<\/strong> de 16 \u00e0 21 cm[\/vc_column_text][vc_single_image image=&#8221;2364&#8243; img_size=&#8221;full&#8221; css=&#8221;.vc_custom_1577367282398{margin-right: 55px !important;}&#8221;][\/vc_column_inner][vc_column_inner width=&#8221;1\/2&#8243;][vc_single_image image=&#8221;2366&#8243; img_size=&#8221;full&#8221; alignment=&#8221;right&#8221; css=&#8221;.vc_custom_1577367293228{margin-bottom: 80px !important;margin-left: 60px !important;}&#8221;][vc_custom_heading text=&#8221;Fonctions&#8221; use_theme_fonts=&#8221;yes&#8221; css=&#8221;.vc_custom_1565281500335{margin-top: 45px !important;margin-right: 65px !important;margin-bottom: 40px !important;margin-left: 65px !important;}&#8221;][vc_column_text css=&#8221;.vc_custom_1577367098467{margin-right: 90px !important;margin-left: 60px !important;}&#8221; el_class=&#8221;light&#8221;]<strong>CALIBRE :<\/strong> 6T63<br \/>\n<strong>FONCTIONS :<\/strong> Chronographe au 1\/5\u00e8me de seconde jusqu&#8217;\u00e0 60 minutes, Tachym\u00e8tre, Date<br \/>\n<strong>PR\u00c9CISION :<\/strong> +\/-20 secondes par mois[\/vc_column_text][\/vc_column_inner][\/vc_row_inner][\/vc_column][\/vc_row]<\/p>\n","protected":false},"excerpt":{"rendered":"<p>Montre Seiko SPORT Chronographe avec un bo\u00eetier en acier inoxydable. La ligne SPORT propose des montres masculines de prestige au temp\u00e9rament bien affirm\u00e9. Ces derni\u00e8res ann\u00e9es, cette ligne est anim\u00e9e d&#8217;un mouvement \u00e0 quartz. Ce mod\u00e8le SPORT Chronographe en est une preuve. Mont\u00e9 sur un bo\u00eetier en acier inoxydable et un bracelet en cuir noir, il offre un chronographe au 1\/5\u00e8me de seconde jusqu&#8217;\u00e0 60 minutes et une lunette tachym\u00e9trique. La forme de son bo\u00eetier traduit un \u00e9tat d&#8217;esprit conqu\u00e9rant et une robustesse \u00e0 toute \u00e9preuve. Adopter une montre SEIKO SPORT c&#8217;est avant tout affirmer un look r\u00e9solument sportif !<\/p>\n<p><a href=\"https:\/\/www.seikoboutique.fr\/manuels\/6t63.pdf\" target=\"_blank\" rel=\"noopener noreferrer\"><strong>Manuel d\u2019utilisation<\/strong><\/a><\/p>\n","protected":false},"featured_media":2363,"template":"","meta":[],"product_cat":[174,172],"product_tag":[],"aioseo_notices":[],"_links":{"self":[{"href":"https:\/\/bijouterie-babylone.fr\/en\/wp-json\/wp\/v2\/product\/3201"}],"collection":[{"href":"https:\/\/bijouterie-babylone.fr\/en\/wp-json\/wp\/v2\/product"}],"about":[{"href":"https:\/\/bijouterie-babylone.fr\/en\/wp-json\/wp\/v2\/types\/product"}],"wp:featuredmedia":[{"embeddable":true,"href":"https:\/\/bijouterie-babylone.fr\/en\/wp-json\/wp\/v2\/media\/2363"}],"wp:attachment":[{"href":"https:\/\/bijouterie-babylone.fr\/en\/wp-json\/wp\/v2\/media?parent=3201"}],"wp:term":[{"taxonomy":"product_cat","embeddable":true,"href":"https:\/\/bijouterie-babylone.fr\/en\/wp-json\/wp\/v2\/product_cat?post=3201"},{"taxonomy":"product_tag","embeddable":true,"href":"https:\/\/bijouterie-babylone.fr\/en\/wp-json\/wp\/v2\/product_tag?post=3201"}],"curies":[{"name":"wp","href":"https:\/\/api.w.org\/{rel}","templated":true}]}}