{"id":3197,"date":"2019-12-26T15:13:00","date_gmt":"2019-12-26T14:13:00","guid":{"rendered":"https:\/\/bijouterie-babylone.fr\/product\/montre-homme-classique-sgeg96p1\/"},"modified":"2020-04-26T16:22:37","modified_gmt":"2020-04-26T14:22:37","slug":"montre-homme-classique-sgeg96p1","status":"publish","type":"product","link":"https:\/\/bijouterie-babylone.fr\/en\/product\/montre-homme-classique-sgeg96p1\/","title":{"rendered":"Men&#8217;s Seiko Classic &#8211; SGEG96P1"},"content":{"rendered":"<p>[vc_row][vc_column width=&#8221;5\/6&#8243; offset=&#8221;vc_col-lg-offset-1 vc_col-md-offset-1&#8243;][vc_row_inner][vc_column_inner width=&#8221;1\/2&#8243;][vc_custom_heading text=&#8221;Habillage&#8221; use_theme_fonts=&#8221;yes&#8221; css=&#8221;.vc_custom_1565281605174{margin-right: 90px !important;margin-bottom: 56px !important;margin-left: 60px !important;}&#8221;][vc_column_text css=&#8221;.vc_custom_1577369771554{margin-right: 65px !important;margin-bottom: 110px !important;margin-left: 65px !important;}&#8221; el_class=&#8221;light&#8221;]<strong>MOD\u00c8LE :<\/strong> Montre homme CLASSIQUE 3 aiguilles\/date ~ Quartz<br \/>\n<strong>MOUVEMENT :<\/strong> Quartz<br \/>\n<strong>R\u00c9SISTANCE MAGN\u00c9TIQUE <\/strong>: 4800 A\/m (60 Gauss)<br \/>\n<strong>\u00c9TANCH\u00c9IT\u00c9 :<\/strong> 10 bar<br \/>\n<strong>LUNETTE :<\/strong> Acier inoxydable, rev\u00eatement dor\u00e9<br \/>\n<strong>VERRE :<\/strong> Saphir<br \/>\n<strong>CADRAN :<\/strong> Blanc<br \/>\n<strong>INDEX :<\/strong> Dor\u00e9s<br \/>\n<strong>AIGUILLES :<\/strong> Dor\u00e9es<br \/>\n<strong>BO\u00ceTIER :<\/strong> Acier inoxydable<br \/>\n<strong>COURONNE :<\/strong> Acier inoxydable, rev\u00eatement dor\u00e9<br \/>\n<strong>OUVERTURE DE BO\u00ceTE :<\/strong> 40 mm<br \/>\n<strong>BRACELET :<\/strong> Acier inoxydable, rev\u00eatement partiellement dor\u00e9<br \/>\n<strong>BOUCLE \/ FERMOIR :<\/strong> D\u00e9ployante avec bouton-poussoir<br \/>\n<strong>LONGUEUR DU BRACELET :<\/strong> de 16 \u00e0 21 cm[\/vc_column_text][vc_single_image image=&#8221;2383&#8243; img_size=&#8221;full&#8221; css=&#8221;.vc_custom_1577369971925{margin-right: 55px !important;}&#8221;][\/vc_column_inner][vc_column_inner width=&#8221;1\/2&#8243;][vc_single_image image=&#8221;2385&#8243; img_size=&#8221;full&#8221; alignment=&#8221;right&#8221; css=&#8221;.vc_custom_1577369985578{margin-bottom: 80px !important;margin-left: 60px !important;}&#8221;][vc_custom_heading text=&#8221;Fonctions&#8221; use_theme_fonts=&#8221;yes&#8221; css=&#8221;.vc_custom_1565281500335{margin-top: 45px !important;margin-right: 65px !important;margin-bottom: 40px !important;margin-left: 65px !important;}&#8221;][vc_column_text css=&#8221;.vc_custom_1577369864519{margin-right: 90px !important;margin-left: 60px !important;}&#8221; el_class=&#8221;light&#8221;]<strong>CALIBRE :<\/strong> 7N42<br \/>\n<strong>FONCTIONS :<\/strong> 3 aiguilles, Date<br \/>\n<strong>PR\u00c9CISION :<\/strong> +\/-15 secondes par mois[\/vc_column_text][\/vc_column_inner][\/vc_row_inner][\/vc_column][\/vc_row]<\/p>\n","protected":false},"excerpt":{"rendered":"<p>Montre Seiko CLASSIQUE HOMME en acier inoxydable avec rev\u00eatement partiellement dor\u00e9. Sobri\u00e9t\u00e9 des bo\u00eetiers et prix contenus, tels sont les atouts de la ligne CLASSIQUE HOMME. Au travers de la force de l&#8217;acier et de la brillance du rev\u00eatement dor\u00e9, ce mod\u00e8le CLASSIQUE HOMME abritant le mouvement \u00e0 quartz 3 aiguilles inspire l&#8217;assurance et la force tranquille du temps qui passe. Nul besoin de luxe ostentatoire pour exister et s&#8217;affirmer au poignet, ce garde-temps se veut \u00e9l\u00e9gant mais accessible.<\/p>\n<p><a href=\"https:\/\/www.seikoboutique.fr\/manuels\/7n42.pdf\" target=\"_blank\" rel=\"noopener noreferrer\"><strong>Manuel d\u2019utilisation<\/strong><\/a><\/p>\n","protected":false},"featured_media":2388,"template":"","meta":[],"product_cat":[174,172],"product_tag":[],"aioseo_notices":[],"_links":{"self":[{"href":"https:\/\/bijouterie-babylone.fr\/en\/wp-json\/wp\/v2\/product\/3197"}],"collection":[{"href":"https:\/\/bijouterie-babylone.fr\/en\/wp-json\/wp\/v2\/product"}],"about":[{"href":"https:\/\/bijouterie-babylone.fr\/en\/wp-json\/wp\/v2\/types\/product"}],"wp:featuredmedia":[{"embeddable":true,"href":"https:\/\/bijouterie-babylone.fr\/en\/wp-json\/wp\/v2\/media\/2388"}],"wp:attachment":[{"href":"https:\/\/bijouterie-babylone.fr\/en\/wp-json\/wp\/v2\/media?parent=3197"}],"wp:term":[{"taxonomy":"product_cat","embeddable":true,"href":"https:\/\/bijouterie-babylone.fr\/en\/wp-json\/wp\/v2\/product_cat?post=3197"},{"taxonomy":"product_tag","embeddable":true,"href":"https:\/\/bijouterie-babylone.fr\/en\/wp-json\/wp\/v2\/product_tag?post=3197"}],"curies":[{"name":"wp","href":"https:\/\/api.w.org\/{rel}","templated":true}]}}