{"id":3189,"date":"2019-12-26T17:15:28","date_gmt":"2019-12-26T16:15:28","guid":{"rendered":"https:\/\/bijouterie-babylone.fr\/product\/montre-femme-classique-sur238p1\/"},"modified":"2020-04-26T16:01:43","modified_gmt":"2020-04-26T14:01:43","slug":"montre-femme-classique-sur238p1","status":"publish","type":"product","link":"https:\/\/bijouterie-babylone.fr\/en\/product\/montre-femme-classique-sur238p1\/","title":{"rendered":"Women&#8217;s Seiko Classic &#8211; SUR238P1"},"content":{"rendered":"<p>[vc_row][vc_column width=&#8221;5\/6&#8243; offset=&#8221;vc_col-lg-offset-1 vc_col-md-offset-1&#8243;][vc_row_inner][vc_column_inner width=&#8221;1\/2&#8243;][vc_custom_heading text=&#8221;Habillage&#8221; use_theme_fonts=&#8221;yes&#8221; css=&#8221;.vc_custom_1565281605174{margin-right: 90px !important;margin-bottom: 56px !important;margin-left: 60px !important;}&#8221;][vc_column_text css=&#8221;.vc_custom_1577379454035{margin-right: 65px !important;margin-bottom: 110px !important;margin-left: 65px !important;}&#8221; el_class=&#8221;light&#8221;]<strong>MOD\u00c8LE :<\/strong> Montre femme CLASSIQUE cuir brique &#8212; Quartz<br \/>\n<strong>MOUVEMENT :<\/strong> Quartz<br \/>\n<strong>\u00c9TANCH\u00c9IT\u00c9 :<\/strong> 5 bar<br \/>\n<strong>LUNETTE :<\/strong> Acier inoxydable, rev\u00eatement dor\u00e9 rose<br \/>\n<strong>VERRE :<\/strong> Hardlex (verre min\u00e9ral tremp\u00e9)<br \/>\n<strong>CADRAN :<\/strong> Blanc<br \/>\n<strong>BO\u00ceTIER :<\/strong> Acier inoxydable, rev\u00eatement dor\u00e9 rose<br \/>\n<strong>COURONNE :<\/strong> Acier inoxydable, rev\u00eatement dor\u00e9 rose<br \/>\n<strong>OUVERTURE DE BO\u00ceTE :<\/strong> 35 mm<br \/>\n<strong>BRACELET :<\/strong> Cuir, Auburn, Surpiqu\u00e9<br \/>\n<strong>BOUCLE \/ FERMOIR :<\/strong> Ardillon<br \/>\n<strong>LONGUEUR DU BRACELET :<\/strong> de 13 \u00e0 17 cm[\/vc_column_text][vc_single_image image=&#8221;2445&#8243; img_size=&#8221;full&#8221; css=&#8221;.vc_custom_1577379501154{margin-right: 55px !important;}&#8221;][\/vc_column_inner][vc_column_inner width=&#8221;1\/2&#8243;][vc_single_image image=&#8221;2443&#8243; img_size=&#8221;full&#8221; alignment=&#8221;right&#8221; css=&#8221;.vc_custom_1577379510836{margin-bottom: 80px !important;margin-left: 60px !important;}&#8221;][vc_custom_heading text=&#8221;Fonctions&#8221; use_theme_fonts=&#8221;yes&#8221; css=&#8221;.vc_custom_1565281500335{margin-top: 45px !important;margin-right: 65px !important;margin-bottom: 40px !important;margin-left: 65px !important;}&#8221;][vc_column_text css=&#8221;.vc_custom_1577379469494{margin-right: 90px !important;margin-left: 60px !important;}&#8221; el_class=&#8221;light&#8221;]<strong>CALIBRE :<\/strong> 6N01<br \/>\n<strong>FONCTIONS :<\/strong> 3 aiguilles<br \/>\n<strong>PR\u00c9CISION :<\/strong> +\/-15 secondes par mois[\/vc_column_text][\/vc_column_inner][\/vc_row_inner][\/vc_column][\/vc_row]<\/p>\n","protected":false},"excerpt":{"rendered":"<p>Puret\u00e9 des lignes, formes aux courbes tout en douceur, la ligne Classique Dame allie \u00e9l\u00e9gance et discr\u00e9tion. Au fil du temps, les mod\u00e8les ont conserv\u00e9 des bo\u00eetiers aux lignes simples et leur cadran d\u00e9gage une impression de calme et de s\u00e9r\u00e9nit\u00e9. Autant d&#8217;atouts pour plaire \u00e0 celles qui veulent cultiver leur f\u00e9minit\u00e9.<\/p>\n<p>&nbsp;<\/p>\n","protected":false},"featured_media":2442,"template":"","meta":[],"product_cat":[172,173],"product_tag":[],"aioseo_notices":[],"_links":{"self":[{"href":"https:\/\/bijouterie-babylone.fr\/en\/wp-json\/wp\/v2\/product\/3189"}],"collection":[{"href":"https:\/\/bijouterie-babylone.fr\/en\/wp-json\/wp\/v2\/product"}],"about":[{"href":"https:\/\/bijouterie-babylone.fr\/en\/wp-json\/wp\/v2\/types\/product"}],"wp:featuredmedia":[{"embeddable":true,"href":"https:\/\/bijouterie-babylone.fr\/en\/wp-json\/wp\/v2\/media\/2442"}],"wp:attachment":[{"href":"https:\/\/bijouterie-babylone.fr\/en\/wp-json\/wp\/v2\/media?parent=3189"}],"wp:term":[{"taxonomy":"product_cat","embeddable":true,"href":"https:\/\/bijouterie-babylone.fr\/en\/wp-json\/wp\/v2\/product_cat?post=3189"},{"taxonomy":"product_tag","embeddable":true,"href":"https:\/\/bijouterie-babylone.fr\/en\/wp-json\/wp\/v2\/product_tag?post=3189"}],"curies":[{"name":"wp","href":"https:\/\/api.w.org\/{rel}","templated":true}]}}