{"id":3187,"date":"2019-12-26T18:11:18","date_gmt":"2019-12-26T17:11:18","guid":{"rendered":"https:\/\/bijouterie-babylone.fr\/product\/montre-femme-classique-sup433p1\/"},"modified":"2020-04-26T15:58:18","modified_gmt":"2020-04-26T13:58:18","slug":"montre-femme-classique-sup433p1","status":"publish","type":"product","link":"https:\/\/bijouterie-babylone.fr\/en\/product\/montre-femme-classique-sup433p1\/","title":{"rendered":"Women&#8217;s Seiko Classic &#8211; SUP433P1"},"content":{"rendered":"<p>[vc_row][vc_column width=&#8221;5\/6&#8243; offset=&#8221;vc_col-lg-offset-1 vc_col-md-offset-1&#8243;][vc_row_inner][vc_column_inner width=&#8221;1\/2&#8243;][vc_custom_heading text=&#8221;Habillage&#8221; use_theme_fonts=&#8221;yes&#8221; css=&#8221;.vc_custom_1565281605174{margin-right: 90px !important;margin-bottom: 56px !important;margin-left: 60px !important;}&#8221;][vc_column_text css=&#8221;.vc_custom_1577380371423{margin-right: 65px !important;margin-bottom: 110px !important;margin-left: 65px !important;}&#8221; el_class=&#8221;light&#8221;]<strong>MOD\u00c8LE :<\/strong> Montre femme CLASSIQUE 2 aiguilles &#8211;\u00a0 Quartz Solaire<br \/>\n<strong>MOUVEMENT :<\/strong> Quartz Solaire<br \/>\n<strong>\u00c9TANCH\u00c9IT\u00c9 :<\/strong> 3 bar<br \/>\n<strong>LUNETTE :<\/strong> Cristaux Swarovski<br \/>\n<strong>VERRE :<\/strong> Hardlex (verre min\u00e9ral tremp\u00e9)<br \/>\n<strong>CADRAN :<\/strong> Bleu fonc\u00e9, Paillettes<br \/>\n<strong>BO\u00ceTIER :<\/strong> Acier inoxydable<br \/>\n<strong>COURONNE :<\/strong> Acier inoxydable<br \/>\n<strong>OUVERTURE DE BO\u00ceTE :<\/strong> 30.3 mm<br \/>\n<strong>BRACELET :<\/strong> Acier inoxydable<br \/>\n<strong>BOUCLE \/ FERMOIR :<\/strong> D\u00e9ployante avec bouton-poussoir<br \/>\n<strong>LONGUEUR DU BRACELET :<\/strong> de 13 \u00e0 17 cm[\/vc_column_text][vc_single_image image=&#8221;2460&#8243; img_size=&#8221;full&#8221; css=&#8221;.vc_custom_1577380420028{margin-right: 55px !important;}&#8221;][\/vc_column_inner][vc_column_inner width=&#8221;1\/2&#8243;][vc_single_image image=&#8221;2458&#8243; img_size=&#8221;full&#8221; alignment=&#8221;right&#8221; css=&#8221;.vc_custom_1577380408549{margin-bottom: 80px !important;margin-left: 60px !important;}&#8221;][vc_custom_heading text=&#8221;Fonctions&#8221; use_theme_fonts=&#8221;yes&#8221; css=&#8221;.vc_custom_1565281500335{margin-top: 45px !important;margin-right: 65px !important;margin-bottom: 40px !important;margin-left: 65px !important;}&#8221;][vc_column_text css=&#8221;.vc_custom_1577379906527{margin-right: 90px !important;margin-left: 60px !important;}&#8221; el_class=&#8221;light&#8221;]<strong>CALIBRE :<\/strong> V115<br \/>\n<strong>FONCTIONS :<\/strong> 2 aiguilles<br \/>\n<strong>R\u00c9SERVE DE MARCHE :<\/strong> 1 ann\u00e9e(s) en pleine charge<br \/>\n<strong>PR\u00c9CISION :<\/strong> +\/-15 secondes par mois[\/vc_column_text][\/vc_column_inner][\/vc_row_inner][\/vc_column][\/vc_row]<\/p>\n","protected":false},"excerpt":{"rendered":"<p>Cette montre pour femme couple des lignes fines et simples au glamour de son cadran paillettes et de ses cristaux Swarovski. En plus du son design soign\u00e9 qui saura compl\u00e9ter vos plus belles tenues, cette pi\u00e8ce est anim\u00e9e par un mouvement \u00e0 quartz solaire pr\u00e9cis et moderne. Enfin, cette montre est aussi un bijou solide que vous conserverez longtemps avec son bo\u00eetier en acier et son verre hardlex.<\/p>\n<p><a href=\"https:\/\/www.seikoboutique.fr\/manuels\/V115.pdf\"><strong>Manuel d&#8217;utilisation<\/strong><\/a><\/p>\n<p>&nbsp;<\/p>\n","protected":false},"featured_media":2457,"template":"","meta":[],"product_cat":[172,173],"product_tag":[],"aioseo_notices":[],"_links":{"self":[{"href":"https:\/\/bijouterie-babylone.fr\/en\/wp-json\/wp\/v2\/product\/3187"}],"collection":[{"href":"https:\/\/bijouterie-babylone.fr\/en\/wp-json\/wp\/v2\/product"}],"about":[{"href":"https:\/\/bijouterie-babylone.fr\/en\/wp-json\/wp\/v2\/types\/product"}],"wp:featuredmedia":[{"embeddable":true,"href":"https:\/\/bijouterie-babylone.fr\/en\/wp-json\/wp\/v2\/media\/2457"}],"wp:attachment":[{"href":"https:\/\/bijouterie-babylone.fr\/en\/wp-json\/wp\/v2\/media?parent=3187"}],"wp:term":[{"taxonomy":"product_cat","embeddable":true,"href":"https:\/\/bijouterie-babylone.fr\/en\/wp-json\/wp\/v2\/product_cat?post=3187"},{"taxonomy":"product_tag","embeddable":true,"href":"https:\/\/bijouterie-babylone.fr\/en\/wp-json\/wp\/v2\/product_tag?post=3187"}],"curies":[{"name":"wp","href":"https:\/\/api.w.org\/{rel}","templated":true}]}}