{"id":3173,"date":"2020-02-25T10:34:58","date_gmt":"2020-02-25T09:34:58","guid":{"rendered":"https:\/\/bijouterie-babylone.fr\/product\/montre-homme-prospex-black-series-spb125j1\/"},"modified":"2020-04-26T15:42:11","modified_gmt":"2020-04-26T13:42:11","slug":"montre-homme-prospex-black-series-spb125j1","status":"publish","type":"product","link":"https:\/\/bijouterie-babylone.fr\/en\/product\/montre-homme-prospex-black-series-spb125j1\/","title":{"rendered":"Men&#8217;s Seiko Prospex Black Series &#8211; SPB125J1"},"content":{"rendered":"<p>[vc_row][vc_column width=&#8221;5\/6&#8243; offset=&#8221;vc_col-lg-offset-1 vc_col-md-offset-1&#8243;][vc_row_inner][vc_column_inner width=&#8221;1\/2&#8243;][vc_custom_heading text=&#8221;Habillage&#8221; use_theme_fonts=&#8221;yes&#8221; css=&#8221;.vc_custom_1565281605174{margin-right: 90px !important;margin-bottom: 56px !important;margin-left: 60px !important;}&#8221;][vc_column_text css=&#8221;.vc_custom_1582623539137{margin-right: 65px !important;margin-bottom: 80px !important;margin-left: 65px !important;}&#8221; el_class=&#8221;light&#8221;]<strong>MOD\u00c8LE :<\/strong> Montre Homme PROSPEX Black Series ~ Automatique Diver&#8217;s 200M<br \/>\n<strong>MOUVEMENT :<\/strong> Automatique<br \/>\n<strong>R\u00c9SISTANCE MAGN\u00c9TIQUE :<\/strong> 4800 A\/m (60 gauss)<br \/>\n<strong>\u00c9TANCH\u00c9IT\u00c9 :<\/strong> Diver\u2019s 200 m\u00e8tres (plong\u00e9e professionnelle)<br \/>\n<strong>LUNETTE : <\/strong>Acier inoxydable, rev\u00eatement titane carbon\u00e9, Rotative, Unidirectionnelle<br \/>\n<strong>VERRE :<\/strong> Saphir<br \/>\n<strong>CADRAN : <\/strong>Noir<br \/>\n<strong>INDEX :<\/strong> Lumibrite<br \/>\n<strong>AIGUILLES :<\/strong> Lumibrite<br \/>\n<strong>BO\u00ceTIER :<\/strong> Acier inoxydable, rev\u00eatement titane carbon\u00e9<br \/>\n<strong>COURONNE :<\/strong> Acier inoxydable, rev\u00eatement titane carbon\u00e9, Viss\u00e9e<br \/>\n<strong>OUVERTURE DE BO\u00ceTE :<\/strong> 45 mm<br \/>\n<strong>BRACELET :<\/strong> Silicone, Noir<br \/>\n<strong>BOUCLE \/ FERMOIR :<\/strong> Ardillon<br \/>\n<strong>LONGUEUR DU BRACELET :<\/strong> de 16 \u00e0 21 cm[\/vc_column_text][vc_single_image image=&#8221;2847&#8243; img_size=&#8221;full&#8221; css=&#8221;.vc_custom_1582626727582{margin-right: 55px !important;}&#8221;][\/vc_column_inner][vc_column_inner width=&#8221;1\/2&#8243;][vc_single_image image=&#8221;2835&#8243; img_size=&#8221;full&#8221; alignment=&#8221;right&#8221; css=&#8221;.vc_custom_1582623722836{margin-bottom: 80px !important;margin-left: 60px !important;}&#8221;][vc_custom_heading text=&#8221;Fonctions&#8221; use_theme_fonts=&#8221;yes&#8221; css=&#8221;.vc_custom_1565281500335{margin-top: 45px !important;margin-right: 65px !important;margin-bottom: 40px !important;margin-left: 65px !important;}&#8221;][vc_column_text css=&#8221;.vc_custom_1582623561624{margin-right: 90px !important;margin-left: 60px !important;}&#8221; el_class=&#8221;light&#8221;]<strong>CALIBRE : <\/strong>6R35<br \/>\n<strong>FONCTIONS :<\/strong> 3 aiguilles, Date, Remontage manuel possible<br \/>\n<strong>R\u00c9SERVE DE MARCHE :<\/strong> 50 heure(s) en pleine charge<br \/>\n<strong>RUBIS :<\/strong> 24<br \/>\n<strong>PR\u00c9CISION :<\/strong> -15\/+25 secondes par jour[\/vc_column_text][\/vc_column_inner][\/vc_row_inner][\/vc_column][\/vc_row]<\/p>\n","protected":false},"excerpt":{"rendered":"<p style=\"text-align: center\"><em style=\"font-size: 1.125rem\"><strong>Edition limit\u00e9e de 3500 pi\u00e8ces<\/strong><\/em><\/p>\n<p>Cette montre automatique Prospex est une \u00e9dition limit\u00e9e &#8220;Black Series&#8221; dont les couleurs sombres s&#8217;inspirent de la pratique de la plong\u00e9e sous-marine nocturne. Son design impressionnant est renforc\u00e9 par la pr\u00e9sence au poignet du fameux bo\u00eetier &#8220;Sumo&#8221; de Seiko. Mont\u00e9 sur un bracelet en silicone, ce garde-temps \u00e9tanche \u00e0 200m dispose d&#8217;un fond de bo\u00eete viss\u00e9 et d&#8217;un verre en saphir.<\/p>\n","protected":false},"featured_media":2846,"template":"","meta":[],"product_cat":[174,172],"product_tag":[],"aioseo_notices":[],"_links":{"self":[{"href":"https:\/\/bijouterie-babylone.fr\/en\/wp-json\/wp\/v2\/product\/3173"}],"collection":[{"href":"https:\/\/bijouterie-babylone.fr\/en\/wp-json\/wp\/v2\/product"}],"about":[{"href":"https:\/\/bijouterie-babylone.fr\/en\/wp-json\/wp\/v2\/types\/product"}],"wp:featuredmedia":[{"embeddable":true,"href":"https:\/\/bijouterie-babylone.fr\/en\/wp-json\/wp\/v2\/media\/2846"}],"wp:attachment":[{"href":"https:\/\/bijouterie-babylone.fr\/en\/wp-json\/wp\/v2\/media?parent=3173"}],"wp:term":[{"taxonomy":"product_cat","embeddable":true,"href":"https:\/\/bijouterie-babylone.fr\/en\/wp-json\/wp\/v2\/product_cat?post=3173"},{"taxonomy":"product_tag","embeddable":true,"href":"https:\/\/bijouterie-babylone.fr\/en\/wp-json\/wp\/v2\/product_tag?post=3173"}],"curies":[{"name":"wp","href":"https:\/\/api.w.org\/{rel}","templated":true}]}}