{"id":3171,"date":"2020-02-25T11:36:54","date_gmt":"2020-02-25T10:36:54","guid":{"rendered":"https:\/\/bijouterie-babylone.fr\/product\/montre-homme-prospex-black-series-ssc761j1\/"},"modified":"2020-04-26T15:41:41","modified_gmt":"2020-04-26T13:41:41","slug":"montre-homme-prospex-black-series-ssc761j1","status":"publish","type":"product","link":"https:\/\/bijouterie-babylone.fr\/en\/product\/montre-homme-prospex-black-series-ssc761j1\/","title":{"rendered":"Men&#8217;s Seiko Prospex Black Series &#8211; SSC761J1"},"content":{"rendered":"<p>[vc_row][vc_column width=&#8221;5\/6&#8243; offset=&#8221;vc_col-lg-offset-1 vc_col-md-offset-1&#8243;][vc_row_inner][vc_column_inner width=&#8221;1\/2&#8243;][vc_custom_heading text=&#8221;Habillage&#8221; use_theme_fonts=&#8221;yes&#8221; css=&#8221;.vc_custom_1565281605174{margin-right: 90px !important;margin-bottom: 56px !important;margin-left: 60px !important;}&#8221;][vc_column_text css=&#8221;.vc_custom_1582627286121{margin-right: 65px !important;margin-bottom: 80px !important;margin-left: 65px !important;}&#8221; el_class=&#8221;light&#8221;]<strong>MOD\u00c8LE :<\/strong> Montre Homme PROSPEX Black Series ~ Chronographe Quartz Solaire<br \/>\n<strong>MOUVEMENT :<\/strong> Quartz solaire<br \/>\n<strong>R\u00c9SISTANCE MAGN\u00c9TIQUE :<\/strong> 4800 A\/m (60 gauss)<br \/>\n<strong>\u00c9TANCH\u00c9IT\u00c9 :<\/strong> Diver\u2019s 200 m\u00e8tres (plong\u00e9e professionnelle)<br \/>\n<strong>LUNETTE : <\/strong>Acier inoxydable, rev\u00eatement titane carbon\u00e9, Rotative, Unidirectionnelle<br \/>\n<strong>VERRE :<\/strong> Saphir<br \/>\n<strong>CADRAN : <\/strong> Capteur solaire, Noir<br \/>\n<strong>INDEX :<\/strong> Lumibrite<br \/>\n<strong>AIGUILLES :<\/strong> Lumibrite<br \/>\n<strong>BO\u00ceTIER :<\/strong> Acier inoxydable, rev\u00eatement titane carbon\u00e9<br \/>\n<strong>COURONNE :<\/strong> Acier inoxydable, rev\u00eatement titane carbon\u00e9, Viss\u00e9e<br \/>\n<strong>OUVERTURE DE BO\u00ceTE :<\/strong> 44.5 mm<br \/>\n<strong>BRACELET :<\/strong> Silicone, Noir<br \/>\n<strong>BOUCLE \/ FERMOIR :<\/strong> Ardillon<br \/>\n<strong>LONGUEUR DU BRACELET :<\/strong> de 16 \u00e0 21 cm[\/vc_column_text][vc_single_image image=&#8221;2854&#8243; img_size=&#8221;full&#8221; css=&#8221;.vc_custom_1582627855778{margin-right: 55px !important;}&#8221;][\/vc_column_inner][vc_column_inner width=&#8221;1\/2&#8243;][vc_single_image image=&#8221;2852&#8243; img_size=&#8221;full&#8221; alignment=&#8221;right&#8221; css=&#8221;.vc_custom_1582627846051{margin-bottom: 80px !important;margin-left: 60px !important;}&#8221;][vc_custom_heading text=&#8221;Fonctions&#8221; use_theme_fonts=&#8221;yes&#8221; css=&#8221;.vc_custom_1565281500335{margin-top: 45px !important;margin-right: 65px !important;margin-bottom: 40px !important;margin-left: 65px !important;}&#8221;][vc_column_text css=&#8221;.vc_custom_1582627361098{margin-right: 90px !important;margin-left: 60px !important;}&#8221; el_class=&#8221;light&#8221;]<strong>CALIBRE : <\/strong> V192<br \/>\n<strong>FONCTIONS :<\/strong> 3 aiguilles, Indicateur de r\u00e9serve de marche par aiguille, Chronographe au 1\/5\u00e8me de seconde jusqu&#8217;\u00e0 12 h<br \/>\n<strong>R\u00c9SERVE DE MARCHE :<\/strong> 6 mois en pleine charge<br \/>\n<strong>PR\u00c9CISION :<\/strong> +\/-15 secondes par mois[\/vc_column_text][\/vc_column_inner][\/vc_row_inner][\/vc_column][\/vc_row]<\/p>\n","protected":false},"excerpt":{"rendered":"<p style=\"text-align: center\"><em style=\"font-size: 1.125rem\"><strong>Edition limit\u00e9e de 7000 pi\u00e8ces<\/strong><\/em><\/p>\n<p>Cette montre de plong\u00e9e Prospex, \u00e9tanche \u00e0 200m a beaucoup de caract\u00e9ristiques qui m\u00e9ritent d&#8217;\u00eatre soulign\u00e9es. Tout d&#8217;abord son design, cette montre au c\u00e9l\u00e8bre bo\u00eetier &#8220;Sumo&#8221; est une \u00e9dition limit\u00e9e &#8220;Black Series&#8221; s&#8217;inspirant des couleurs de la plong\u00e9e sous-marine nocturne. D&#8217;un point de vue technologique, ce garde-temps est un chronographe \u00e0 \u00e9nergie solaire et affiche un indicateur de r\u00e9serve de marche.<\/p>\n<p><a href=\"https:\/\/storage.seikowatches.com\/production\/files\/2019\/12\/06\/055447468031\/JSYV192D1_FR_20191128_web.pdf\" target=\"_blank\" rel=\"noopener noreferrer\"><strong>Manuel d&#8217;utilisation<\/strong><\/a><\/p>\n","protected":false},"featured_media":2851,"template":"","meta":[],"product_cat":[174,172],"product_tag":[],"aioseo_notices":[],"_links":{"self":[{"href":"https:\/\/bijouterie-babylone.fr\/en\/wp-json\/wp\/v2\/product\/3171"}],"collection":[{"href":"https:\/\/bijouterie-babylone.fr\/en\/wp-json\/wp\/v2\/product"}],"about":[{"href":"https:\/\/bijouterie-babylone.fr\/en\/wp-json\/wp\/v2\/types\/product"}],"wp:featuredmedia":[{"embeddable":true,"href":"https:\/\/bijouterie-babylone.fr\/en\/wp-json\/wp\/v2\/media\/2851"}],"wp:attachment":[{"href":"https:\/\/bijouterie-babylone.fr\/en\/wp-json\/wp\/v2\/media?parent=3171"}],"wp:term":[{"taxonomy":"product_cat","embeddable":true,"href":"https:\/\/bijouterie-babylone.fr\/en\/wp-json\/wp\/v2\/product_cat?post=3171"},{"taxonomy":"product_tag","embeddable":true,"href":"https:\/\/bijouterie-babylone.fr\/en\/wp-json\/wp\/v2\/product_tag?post=3171"}],"curies":[{"name":"wp","href":"https:\/\/api.w.org\/{rel}","templated":true}]}}