{"id":3170,"date":"2020-02-25T12:30:04","date_gmt":"2020-02-25T11:30:04","guid":{"rendered":"https:\/\/bijouterie-babylone.fr\/product\/montre-homme-prospex-srpe05k1\/"},"modified":"2020-04-26T15:40:11","modified_gmt":"2020-04-26T13:40:11","slug":"montre-homme-prospex-srpe05k1","status":"publish","type":"product","link":"https:\/\/bijouterie-babylone.fr\/en\/product\/montre-homme-prospex-srpe05k1\/","title":{"rendered":"Men&#8217;s Seiko Prospex &#8211; SRPE05K1"},"content":{"rendered":"<p>[vc_row][vc_column width=&#8221;5\/6&#8243; offset=&#8221;vc_col-lg-offset-1 vc_col-md-offset-1&#8243;][vc_row_inner][vc_column_inner width=&#8221;1\/2&#8243;][vc_custom_heading text=&#8221;Habillage&#8221; use_theme_fonts=&#8221;yes&#8221; css=&#8221;.vc_custom_1565281605174{margin-right: 90px !important;margin-bottom: 56px !important;margin-left: 60px !important;}&#8221;][vc_column_text css=&#8221;.vc_custom_1582630409982{margin-right: 65px !important;margin-bottom: 110px !important;margin-left: 65px !important;}&#8221; el_class=&#8221;light&#8221;]<strong>MOD\u00c8LE :<\/strong> Montre Homme PROSPEX King Turtle ~ Automatique Diver&#8217;s 200M<br \/>\n<strong>MOUVEMENT :<\/strong> Automatique<br \/>\n<strong>R\u00c9SISTANCE MAGN\u00c9TIQUE :<\/strong> 4800 A\/m (60 gauss)<br \/>\n<strong>\u00c9TANCH\u00c9IT\u00c9 :<\/strong> Diver\u2019s 200 m\u00e8tres (plong\u00e9e professionnelle)<br \/>\n<strong>LUNETTE : <\/strong> C\u00e9ramique, Rotative, Unidirectionnelle<br \/>\n<strong>VERRE :<\/strong> Saphir, Trait\u00e9 anti-reflets<br \/>\n<strong>CADRAN : <\/strong> Kaki<br \/>\n<strong>INDEX :<\/strong> Lumibrite<br \/>\n<strong>AIGUILLES :<\/strong> Lumibrite<br \/>\n<strong>BO\u00ceTIER :<\/strong> Acier inoxydable<br \/>\n<strong>COURONNE :<\/strong> Acier inoxydable, Viss\u00e9e<br \/>\n<strong>OUVERTURE DE BO\u00ceTE :<\/strong> 45 mm<br \/>\n<strong>BRACELET :<\/strong> Silicone, Noir<br \/>\n<strong>BOUCLE \/ FERMOIR :<\/strong> Ardillon<br \/>\n<strong>LONGUEUR DU BRACELET :<\/strong> de 16 \u00e0 21 cm[\/vc_column_text][vc_single_image image=&#8221;2863&#8243; img_size=&#8221;full&#8221; css=&#8221;.vc_custom_1582630587625{margin-right: 55px !important;}&#8221;][\/vc_column_inner][vc_column_inner width=&#8221;1\/2&#8243;][vc_single_image image=&#8221;2861&#8243; img_size=&#8221;full&#8221; alignment=&#8221;right&#8221; css=&#8221;.vc_custom_1582630601738{margin-bottom: 80px !important;margin-left: 60px !important;}&#8221;][vc_custom_heading text=&#8221;Fonctions&#8221; use_theme_fonts=&#8221;yes&#8221; css=&#8221;.vc_custom_1565281500335{margin-top: 45px !important;margin-right: 65px !important;margin-bottom: 40px !important;margin-left: 65px !important;}&#8221;][vc_column_text css=&#8221;.vc_custom_1576862969718{margin-right: 90px !important;margin-left: 60px !important;}&#8221; el_class=&#8221;light&#8221;]<strong>CALIBRE : <\/strong>4R36<br \/>\n<strong>FONCTIONS :<\/strong> 3 aiguilles, Date, Remontage manuel possible<br \/>\n<strong>R\u00c9SERVE DE MARCHE :<\/strong> 41 heure(s) en pleine charge<br \/>\n<strong>RUBIS :<\/strong> 24<br \/>\n<strong>PR\u00c9CISION :<\/strong> -35\/+45 secondes par jour[\/vc_column_text][\/vc_column_inner][\/vc_row_inner][\/vc_column][\/vc_row]<\/p>\n","protected":false},"excerpt":{"rendered":"<p>Cette montre de plong\u00e9e Prospex est reconnaissable entre toutes gr\u00e2ce \u00e0 quelques \u00e9l\u00e9ments distinctifs. Tout d&#8217;abord son imposant bo\u00eetier &#8220;Turtle&#8221;, pour un look masculin et sportif au poignet, ainsi que quelques d\u00e9tails qui font toute la diff\u00e9rence. Par exemple, son exceptionnel cadran vert avec motifs en 3D. Cette montre automatique est \u00e9tanche \u00e0 200m, dispose d&#8217;un affichage jour\/date \u00e0 3h et est accompagn\u00e9e d&#8217;un confortable bracelet en silicone vert.<\/p>\n<p><a href=\"https:\/\/www.seikoboutique.fr\/manuels\/4r36.pdf\" target=\"_blank\" rel=\"noopener noreferrer\"><strong>Manuel d&#8217;utilisation<\/strong><\/a><\/p>\n","protected":false},"featured_media":2860,"template":"","meta":[],"product_cat":[174,172],"product_tag":[],"aioseo_notices":[],"_links":{"self":[{"href":"https:\/\/bijouterie-babylone.fr\/en\/wp-json\/wp\/v2\/product\/3170"}],"collection":[{"href":"https:\/\/bijouterie-babylone.fr\/en\/wp-json\/wp\/v2\/product"}],"about":[{"href":"https:\/\/bijouterie-babylone.fr\/en\/wp-json\/wp\/v2\/types\/product"}],"wp:featuredmedia":[{"embeddable":true,"href":"https:\/\/bijouterie-babylone.fr\/en\/wp-json\/wp\/v2\/media\/2860"}],"wp:attachment":[{"href":"https:\/\/bijouterie-babylone.fr\/en\/wp-json\/wp\/v2\/media?parent=3170"}],"wp:term":[{"taxonomy":"product_cat","embeddable":true,"href":"https:\/\/bijouterie-babylone.fr\/en\/wp-json\/wp\/v2\/product_cat?post=3170"},{"taxonomy":"product_tag","embeddable":true,"href":"https:\/\/bijouterie-babylone.fr\/en\/wp-json\/wp\/v2\/product_tag?post=3170"}],"curies":[{"name":"wp","href":"https:\/\/api.w.org\/{rel}","templated":true}]}}