{"id":3169,"date":"2020-02-25T13:08:49","date_gmt":"2020-02-25T12:08:49","guid":{"rendered":"https:\/\/bijouterie-babylone.fr\/product\/montre-homme-presage-ssa409j1\/"},"modified":"2020-04-26T15:36:58","modified_gmt":"2020-04-26T13:36:58","slug":"montre-homme-presage-ssa409j1","status":"publish","type":"product","link":"https:\/\/bijouterie-babylone.fr\/en\/product\/montre-homme-presage-ssa409j1\/","title":{"rendered":"Men&#8217;s Seiko Presage &#8211; SSA409J1"},"content":{"rendered":"<p>[vc_row][vc_column width=&#8221;5\/6&#8243; offset=&#8221;vc_col-lg-offset-1 vc_col-md-offset-1&#8243;][vc_row_inner][vc_column_inner width=&#8221;1\/2&#8243;][vc_custom_heading text=&#8221;Habillage&#8221; use_theme_fonts=&#8221;yes&#8221; css=&#8221;.vc_custom_1565281605174{margin-right: 90px !important;margin-bottom: 56px !important;margin-left: 60px !important;}&#8221;][vc_column_text css=&#8221;.vc_custom_1582632753534{margin-right: 65px !important;margin-bottom: 110px !important;margin-left: 65px !important;}&#8221; el_class=&#8221;light&#8221;]<strong>MOD\u00c8LE :<\/strong> Montre Homme PRESAGE Cocktail ~ Automatique Coeur Ouvert<br \/>\n<strong>MOUVEMENT :<\/strong> Automatique<br \/>\n<strong>R\u00c9SISTANCE MAGN\u00c9TIQUE :<\/strong> 4800A\/m (60 Gauss)<br \/>\n<strong>\u00c9TANCH\u00c9IT\u00c9 :<\/strong> 5 bar<br \/>\n<strong>LUNETTE : <\/strong>Acier inoxydable<br \/>\n<strong>VERRE :<\/strong> Hardlex (verre min\u00e9ral tremp\u00e9), Bomb\u00e9<br \/>\n<strong>CADRAN : <\/strong> Champagne, Coeur ouvert \u00e0 9h, Motifs nid d&#8217;abeille<br \/>\n<strong>BO\u00ceTIER :<\/strong> Acier inoxydable<br \/>\n<strong>COURONNE :<\/strong> Acier inoxydable<br \/>\n<strong>OUVERTURE DE BO\u00ceTE :<\/strong> 40.5 mm<br \/>\n<strong>BRACELET : <\/strong> Cuir, Marron, Bracelet additionel Bracelet interchangeable<br \/>\n<strong>BOUCLE \/ FERMOIR :<\/strong> D\u00e9ployante avec bouton-poussoir<br \/>\n<strong>LONGUEUR DU BRACELET :<\/strong> de 16 \u00e0 21 cm[\/vc_column_text][vc_single_image image=&#8221;2873&#8243; img_size=&#8221;full&#8221; css=&#8221;.vc_custom_1582633106830{margin-right: 55px !important;}&#8221;][\/vc_column_inner][vc_column_inner width=&#8221;1\/2&#8243;][vc_single_image image=&#8221;2877&#8243; img_size=&#8221;full&#8221; alignment=&#8221;right&#8221; css=&#8221;.vc_custom_1582633120635{margin-bottom: 80px !important;margin-left: 60px !important;}&#8221;][vc_custom_heading text=&#8221;Fonctions&#8221; use_theme_fonts=&#8221;yes&#8221; css=&#8221;.vc_custom_1565281500335{margin-top: 45px !important;margin-right: 65px !important;margin-bottom: 40px !important;margin-left: 65px !important;}&#8221;][vc_column_text css=&#8221;.vc_custom_1577098828843{margin-right: 90px !important;margin-left: 60px !important;}&#8221; el_class=&#8221;light&#8221;]<strong>CALIBRE : <\/strong>4R38<br \/>\n<strong>FONCTIONS :<\/strong> 3 aiguilles, Fonction arr\u00eat de seconde, Remontage manuel possible<br \/>\n<strong>R\u00c9SERVE DE MARCHE :<\/strong> 41 heure(s) en pleine charge<br \/>\n<strong>RUBIS :<\/strong> 24<br \/>\n<strong>PR\u00c9CISION :<\/strong> -35\/+45 secondes par jour[\/vc_column_text][\/vc_column_inner][\/vc_row_inner][\/vc_column][\/vc_row]<\/p>\n","protected":false},"excerpt":{"rendered":"<p style=\"text-align: center\"><em style=\"font-size: 1.125rem\"><strong>Edition limit\u00e9e de 6000 pi\u00e8ces<\/strong><\/em><\/p>\n<p>Cette montre de la collection Presage est une \u00e9dition limit\u00e9e dont le design s&#8217;inspire du cocktail &#8220;Ginpachi&#8221;, cr\u00e9\u00e9 \u00e0 base de miel de Ginza, \u00e0 Tokyo. C&#8217;est pour cette raison que le fascinant cadran de cette montre est de couleur dor\u00e9 clair, avec des motifs de nid d&#8217;abeille. Ce garde-temps est anim\u00e9 par un calibre automatique de manufacture Seiko, que vous pourrez admirer \u00e0 travers le coeur ouvert \u00e0 9h et le fond de bo\u00eete transparent. Cette \u00e9dition limit\u00e9e est livr\u00e9e avec un second bracelet, de couleur plus claire, que vous pourrez changer seul sans avoir besoin d&#8217;outil.<\/p>\n<p><a href=\"https:\/\/www.seikoboutique.fr\/manuels\/4r38.pdf\" target=\"_blank\" rel=\"noopener noreferrer\"><strong>Manuel d&#8217;utilisation<\/strong><\/a><\/p>\n","protected":false},"featured_media":2872,"template":"","meta":[],"product_cat":[174,172],"product_tag":[],"aioseo_notices":[],"_links":{"self":[{"href":"https:\/\/bijouterie-babylone.fr\/en\/wp-json\/wp\/v2\/product\/3169"}],"collection":[{"href":"https:\/\/bijouterie-babylone.fr\/en\/wp-json\/wp\/v2\/product"}],"about":[{"href":"https:\/\/bijouterie-babylone.fr\/en\/wp-json\/wp\/v2\/types\/product"}],"wp:featuredmedia":[{"embeddable":true,"href":"https:\/\/bijouterie-babylone.fr\/en\/wp-json\/wp\/v2\/media\/2872"}],"wp:attachment":[{"href":"https:\/\/bijouterie-babylone.fr\/en\/wp-json\/wp\/v2\/media?parent=3169"}],"wp:term":[{"taxonomy":"product_cat","embeddable":true,"href":"https:\/\/bijouterie-babylone.fr\/en\/wp-json\/wp\/v2\/product_cat?post=3169"},{"taxonomy":"product_tag","embeddable":true,"href":"https:\/\/bijouterie-babylone.fr\/en\/wp-json\/wp\/v2\/product_tag?post=3169"}],"curies":[{"name":"wp","href":"https:\/\/api.w.org\/{rel}","templated":true}]}}