{"id":3161,"date":"2020-02-26T10:52:01","date_gmt":"2020-02-26T09:52:01","guid":{"rendered":"https:\/\/bijouterie-babylone.fr\/product\/montre-femme-classique-sur633p1\/"},"modified":"2020-04-26T15:33:26","modified_gmt":"2020-04-26T13:33:26","slug":"montre-femme-classique-sur633p1","status":"publish","type":"product","link":"https:\/\/bijouterie-babylone.fr\/en\/product\/montre-femme-classique-sur633p1\/","title":{"rendered":"Women&#8217;s Seiko Classic &#8211; SUR633P1"},"content":{"rendered":"<p>[vc_row][vc_column width=&#8221;5\/6&#8243; offset=&#8221;vc_col-lg-offset-1 vc_col-md-offset-1&#8243;][vc_row_inner][vc_column_inner width=&#8221;1\/2&#8243;][vc_custom_heading text=&#8221;Habillage&#8221; use_theme_fonts=&#8221;yes&#8221; css=&#8221;.vc_custom_1565281605174{margin-right: 90px !important;margin-bottom: 56px !important;margin-left: 60px !important;}&#8221;][vc_column_text css=&#8221;.vc_custom_1582711170303{margin-right: 65px !important;margin-bottom: 110px !important;margin-left: 65px !important;}&#8221; el_class=&#8221;light&#8221;]<strong>MOD\u00c8LE :<\/strong> Montre Femme CLASSIQUE Acier ~ Quartz 3 Aiguilles<br \/>\n<strong>MOUVEMENT :<\/strong> Quartz<br \/>\n<strong>\u00c9TANCH\u00c9IT\u00c9 :<\/strong> 10 bar<br \/>\n<strong>LUNETTE :<\/strong> Acier inoxydable<br \/>\n<strong>VERRE :<\/strong> Saphir<br \/>\n<strong>CADRAN :<\/strong> Blanc<br \/>\n<strong>AIGUILLES :<\/strong> Lumibrite<br \/>\n<strong>BO\u00ceTIER :<\/strong> Acier inoxydable<br \/>\n<strong>COURONNE :<\/strong> Acier inoxydable<br \/>\n<strong>OUVERTURE DE BO\u00ceTE :<\/strong> 29.8 mm<br \/>\n<strong>BRACELET :<\/strong> Acier inoxydable<br \/>\n<strong>BOUCLE \/ FERMOIR :<\/strong> D\u00e9ployante avec bouton-poussoir<br \/>\n<strong>LONGUEUR DU BRACELET :<\/strong> de 13 \u00e0 17 cm[\/vc_column_text][vc_single_image image=&#8221;2922&#8243; img_size=&#8221;full&#8221; css=&#8221;.vc_custom_1582711474906{margin-right: 55px !important;}&#8221;][\/vc_column_inner][vc_column_inner width=&#8221;1\/2&#8243;][vc_single_image image=&#8221;2920&#8243; img_size=&#8221;full&#8221; alignment=&#8221;right&#8221; css=&#8221;.vc_custom_1582711489123{margin-bottom: 80px !important;margin-left: 60px !important;}&#8221;][vc_custom_heading text=&#8221;Fonctions&#8221; use_theme_fonts=&#8221;yes&#8221; css=&#8221;.vc_custom_1565281500335{margin-top: 45px !important;margin-right: 65px !important;margin-bottom: 40px !important;margin-left: 65px !important;}&#8221;][vc_column_text css=&#8221;.vc_custom_1582711182781{margin-right: 90px !important;margin-left: 60px !important;}&#8221; el_class=&#8221;light&#8221;]<strong>CALIBRE :<\/strong> 6N22<br \/>\n<strong>FONCTIONS :<\/strong> 3 aiguilles, Date[\/vc_column_text][\/vc_column_inner][\/vc_row_inner][\/vc_column][\/vc_row]<\/p>\n","protected":false},"excerpt":{"rendered":"<p>La collection Classique pour femmes est reconnue par l&#8217;\u00e9l\u00e9gance de ses pi\u00e8ces horlog\u00e8res, sans tomber dans l&#8217;ostentatoire. Cette montre \u00e0 quartz enti\u00e8rement en acier a un bo\u00eetier de 29,8mm aux courbes toutes en douceur, id\u00e9ale pour mettre en valeur les poignets f\u00e9minins, quelle que soit la tenue. Son joli cadran en nacre accueille un guichet date \u00e0 3h et est recouvert d&#8217;un verre en saphir.<\/p>\n","protected":false},"featured_media":2919,"template":"","meta":[],"product_cat":[172,173],"product_tag":[],"aioseo_notices":[],"_links":{"self":[{"href":"https:\/\/bijouterie-babylone.fr\/en\/wp-json\/wp\/v2\/product\/3161"}],"collection":[{"href":"https:\/\/bijouterie-babylone.fr\/en\/wp-json\/wp\/v2\/product"}],"about":[{"href":"https:\/\/bijouterie-babylone.fr\/en\/wp-json\/wp\/v2\/types\/product"}],"wp:featuredmedia":[{"embeddable":true,"href":"https:\/\/bijouterie-babylone.fr\/en\/wp-json\/wp\/v2\/media\/2919"}],"wp:attachment":[{"href":"https:\/\/bijouterie-babylone.fr\/en\/wp-json\/wp\/v2\/media?parent=3161"}],"wp:term":[{"taxonomy":"product_cat","embeddable":true,"href":"https:\/\/bijouterie-babylone.fr\/en\/wp-json\/wp\/v2\/product_cat?post=3161"},{"taxonomy":"product_tag","embeddable":true,"href":"https:\/\/bijouterie-babylone.fr\/en\/wp-json\/wp\/v2\/product_tag?post=3161"}],"curies":[{"name":"wp","href":"https:\/\/api.w.org\/{rel}","templated":true}]}}