{"id":3160,"date":"2020-02-26T11:06:49","date_gmt":"2020-02-26T10:06:49","guid":{"rendered":"https:\/\/bijouterie-babylone.fr\/product\/montre-femme-classique-sup427p1\/"},"modified":"2020-04-17T17:58:39","modified_gmt":"2020-04-17T15:58:39","slug":"montre-femme-classique-sup427p1","status":"publish","type":"product","link":"https:\/\/bijouterie-babylone.fr\/en\/product\/montre-femme-classique-sup427p1\/","title":{"rendered":"Women&#8217;s Seiko Classic &#8211; SUP427P1"},"content":{"rendered":"<p>[vc_row][vc_column width=&#8221;5\/6&#8243; offset=&#8221;vc_col-lg-offset-1 vc_col-md-offset-1&#8243;][vc_row_inner][vc_column_inner width=&#8221;1\/2&#8243;][vc_custom_heading text=&#8221;Habillage&#8221; use_theme_fonts=&#8221;yes&#8221; css=&#8221;.vc_custom_1565281605174{margin-right: 90px !important;margin-bottom: 56px !important;margin-left: 60px !important;}&#8221;][vc_column_text css=&#8221;.vc_custom_1582713916166{margin-right: 65px !important;margin-bottom: 110px !important;margin-left: 65px !important;}&#8221; el_class=&#8221;light&#8221;]<strong>MOD\u00c8LE :<\/strong> Montre femme CLASSIQUE 2 aiguilles &#8211;\u00a0 Quartz Solaire<br \/>\n<strong>MOUVEMENT :<\/strong> Quartz Solaire<br \/>\n<strong>\u00c9TANCH\u00c9IT\u00c9 :<\/strong> 3 bar<br \/>\n<strong>LUNETTE :<\/strong> Cristaux Swarovski<br \/>\n<strong>VERRE :<\/strong> Hardlex (verre min\u00e9ral tremp\u00e9)<br \/>\n<strong>CADRAN :<\/strong> Nacre v\u00e9ritable, Capteur solaire, Blanc<br \/>\n<strong>INDEX :<\/strong> Chiffres Romains<br \/>\n<strong>BO\u00ceTIER :<\/strong> Acier inoxydable<br \/>\n<strong>COURONNE :<\/strong> Acier inoxydable<br \/>\n<strong>OUVERTURE DE BO\u00ceTE :<\/strong> 24.7 mm<br \/>\n<strong>BRACELET :<\/strong> Acier inoxydable<br \/>\n<strong>BOUCLE \/ FERMOIR :<\/strong> D\u00e9ployante avec bouton-poussoir<br \/>\n<strong>LONGUEUR DU BRACELET :<\/strong> de 13 \u00e0 17 cm[\/vc_column_text][vc_single_image image=&#8221;2927&#8243; img_size=&#8221;full&#8221; css=&#8221;.vc_custom_1582714195626{margin-right: 55px !important;}&#8221;][\/vc_column_inner][vc_column_inner width=&#8221;1\/2&#8243;][vc_single_image image=&#8221;2929&#8243; img_size=&#8221;full&#8221; alignment=&#8221;right&#8221; css=&#8221;.vc_custom_1582714207475{margin-bottom: 80px !important;margin-left: 60px !important;}&#8221;][vc_custom_heading text=&#8221;Fonctions&#8221; use_theme_fonts=&#8221;yes&#8221; css=&#8221;.vc_custom_1565281500335{margin-top: 45px !important;margin-right: 65px !important;margin-bottom: 40px !important;margin-left: 65px !important;}&#8221;][vc_column_text css=&#8221;.vc_custom_1577379906527{margin-right: 90px !important;margin-left: 60px !important;}&#8221; el_class=&#8221;light&#8221;]<strong>CALIBRE :<\/strong> V115<br \/>\n<strong>FONCTIONS :<\/strong> 2 aiguilles<br \/>\n<strong>R\u00c9SERVE DE MARCHE :<\/strong> 1 ann\u00e9e(s) en pleine charge<br \/>\n<strong>PR\u00c9CISION :<\/strong> +\/-15 secondes par mois[\/vc_column_text][\/vc_column_inner][\/vc_row_inner][\/vc_column][\/vc_row]<\/p>\n","protected":false},"excerpt":{"rendered":"<p>Cette montre en acier inoxydable et au bo\u00eetier rectangulaire est anim\u00e9e par un mouvement \u00e0 quartz solaire. Son m\u00e9canisme sophistiqu\u00e9 et sa pr\u00e9cision n&#8217;enl\u00e8vent rien \u00e0 sa finesse et \u00e0 son \u00e9l\u00e9gance. Son joli cadran en nacre v\u00e9ritable est accompagn\u00e9 de cristaux Swarovski. Cette montre combinant f\u00e9minit\u00e9 et solidit\u00e9 est l&#8217;accessoire parfait pour vous mettre en valeur pendant de nombreuses ann\u00e9es.<\/p>\n<p><a href=\"https:\/\/www.seikoboutique.fr\/manuels\/V115.pdf\"><strong>Manuel d&#8217;utilisation<\/strong><\/a><\/p>\n<p>&nbsp;<\/p>\n","protected":false},"featured_media":2926,"template":"","meta":[],"product_cat":[172,173],"product_tag":[],"aioseo_notices":[],"_links":{"self":[{"href":"https:\/\/bijouterie-babylone.fr\/en\/wp-json\/wp\/v2\/product\/3160"}],"collection":[{"href":"https:\/\/bijouterie-babylone.fr\/en\/wp-json\/wp\/v2\/product"}],"about":[{"href":"https:\/\/bijouterie-babylone.fr\/en\/wp-json\/wp\/v2\/types\/product"}],"wp:featuredmedia":[{"embeddable":true,"href":"https:\/\/bijouterie-babylone.fr\/en\/wp-json\/wp\/v2\/media\/2926"}],"wp:attachment":[{"href":"https:\/\/bijouterie-babylone.fr\/en\/wp-json\/wp\/v2\/media?parent=3160"}],"wp:term":[{"taxonomy":"product_cat","embeddable":true,"href":"https:\/\/bijouterie-babylone.fr\/en\/wp-json\/wp\/v2\/product_cat?post=3160"},{"taxonomy":"product_tag","embeddable":true,"href":"https:\/\/bijouterie-babylone.fr\/en\/wp-json\/wp\/v2\/product_tag?post=3160"}],"curies":[{"name":"wp","href":"https:\/\/api.w.org\/{rel}","templated":true}]}}