{"id":3159,"date":"2020-02-26T11:52:54","date_gmt":"2020-02-26T10:52:54","guid":{"rendered":"https:\/\/bijouterie-babylone.fr\/product\/montre-classique-sur317p1\/"},"modified":"2020-04-17T17:47:27","modified_gmt":"2020-04-17T15:47:27","slug":"montre-classique-sur317p1","status":"publish","type":"product","link":"https:\/\/bijouterie-babylone.fr\/en\/product\/montre-classique-sur317p1\/","title":{"rendered":"Seiko Classic &#8211; SUR317P1"},"content":{"rendered":"<p>[vc_row][vc_column width=&#8221;5\/6&#8243; offset=&#8221;vc_col-lg-offset-1 vc_col-md-offset-1&#8243;][vc_row_inner][vc_column_inner width=&#8221;1\/2&#8243;][vc_custom_heading text=&#8221;Habillage&#8221; use_theme_fonts=&#8221;yes&#8221; css=&#8221;.vc_custom_1565281605174{margin-right: 90px !important;margin-bottom: 56px !important;margin-left: 60px !important;}&#8221;][vc_column_text css=&#8221;.vc_custom_1582714472336{margin-right: 65px !important;margin-bottom: 110px !important;margin-left: 65px !important;}&#8221; el_class=&#8221;light&#8221;]<strong>MOD\u00c8LE :<\/strong> Montre homme CLASSIQUE 3 aiguilles\/date &#8211; Quartz<br \/>\n<strong>MOUVEMENT :<\/strong> Quartz<br \/>\n<strong>\u00c9TANCH\u00c9IT\u00c9 :<\/strong> 10 bar<br \/>\n<strong>LUNETTE :<\/strong> Acier inoxydable<br \/>\n<strong>VERRE :<\/strong> Saphir<br \/>\n<strong>CADRAN :<\/strong> Bleu<br \/>\n<strong>AIGUILLES :<\/strong> Lumibrite<br \/>\n<strong>BO\u00ceTIER :<\/strong> Acier inoxydable<br \/>\n<strong>COURONNE :<\/strong> Acier inoxydable<br \/>\n<strong>OUVERTURE DE BO\u00ceTE :<\/strong> 36 mm<br \/>\n<strong>BRACELET :<\/strong> Acier inoxydable<br \/>\n<strong>BOUCLE \/ FERMOIR :<\/strong> D\u00e9ployante avec bouton-poussoir<br \/>\n<strong>LONGUEUR DU BRACELET :<\/strong> de 13 \u00e0 17 cm[\/vc_column_text][vc_single_image image=&#8221;2934&#8243; img_size=&#8221;full&#8221; css=&#8221;.vc_custom_1582714945883{margin-right: 55px !important;}&#8221;][\/vc_column_inner][vc_column_inner width=&#8221;1\/2&#8243;][vc_single_image image=&#8221;2936&#8243; img_size=&#8221;full&#8221; alignment=&#8221;right&#8221; css=&#8221;.vc_custom_1582714964746{margin-bottom: 80px !important;margin-left: 60px !important;}&#8221;][vc_custom_heading text=&#8221;Fonctions&#8221; use_theme_fonts=&#8221;yes&#8221; css=&#8221;.vc_custom_1565281500335{margin-top: 45px !important;margin-right: 65px !important;margin-bottom: 40px !important;margin-left: 65px !important;}&#8221;][vc_column_text css=&#8221;.vc_custom_1582714482673{margin-right: 90px !important;margin-left: 60px !important;}&#8221; el_class=&#8221;light&#8221;]<strong>CALIBRE :<\/strong> 6N42<br \/>\n<strong>FONCTIONS :<\/strong> 3 aiguilles, Date[\/vc_column_text][\/vc_column_inner][\/vc_row_inner][\/vc_column][\/vc_row]<\/p>\n","protected":false},"excerpt":{"rendered":"<p>Cette montre de la collection Classique saura s\u00e9duire les hommes et les femmes \u00e0 la recherche d&#8217;une montre simple et habill\u00e9e, avec son diam\u00e8tre de 36mm. Cette montre enti\u00e8rement en acier inoxydable contient un calibre quartz 3 aiguilles extr\u00eamement pr\u00e9cis. Son cadran bleu accueille un guichet date \u00e0 3h et est prot\u00e9g\u00e9 par un verre en saphir anti rayure.<\/p>\n","protected":false},"featured_media":2933,"template":"","meta":[],"product_cat":[174,172,173],"product_tag":[],"aioseo_notices":[],"_links":{"self":[{"href":"https:\/\/bijouterie-babylone.fr\/en\/wp-json\/wp\/v2\/product\/3159"}],"collection":[{"href":"https:\/\/bijouterie-babylone.fr\/en\/wp-json\/wp\/v2\/product"}],"about":[{"href":"https:\/\/bijouterie-babylone.fr\/en\/wp-json\/wp\/v2\/types\/product"}],"wp:featuredmedia":[{"embeddable":true,"href":"https:\/\/bijouterie-babylone.fr\/en\/wp-json\/wp\/v2\/media\/2933"}],"wp:attachment":[{"href":"https:\/\/bijouterie-babylone.fr\/en\/wp-json\/wp\/v2\/media?parent=3159"}],"wp:term":[{"taxonomy":"product_cat","embeddable":true,"href":"https:\/\/bijouterie-babylone.fr\/en\/wp-json\/wp\/v2\/product_cat?post=3159"},{"taxonomy":"product_tag","embeddable":true,"href":"https:\/\/bijouterie-babylone.fr\/en\/wp-json\/wp\/v2\/product_tag?post=3159"}],"curies":[{"name":"wp","href":"https:\/\/api.w.org\/{rel}","templated":true}]}}