{"id":3081,"date":"2019-08-11T16:57:15","date_gmt":"2019-08-11T14:57:15","guid":{"rendered":"https:\/\/bijouterie-babylone.fr\/la-maison\/"},"modified":"2020-11-06T13:28:41","modified_gmt":"2020-11-06T12:28:41","slug":"la-maison","status":"publish","type":"page","link":"https:\/\/bijouterie-babylone.fr\/en\/la-maison\/","title":{"rendered":"La maison"},"content":{"rendered":"<p>[vc_row css=&#8221;.vc_custom_1530089427958{margin-bottom: 70px !important;}&#8221;][vc_column width=&#8221;1\/6&#8243; offset=&#8221;vc_hidden-sm vc_hidden-xs&#8221;]<span class=\"konte-dash text-default  hidden vc_custom_1574028834169\"><span class=\"konte-dash__line\"><\/span><\/span>[\/vc_column][vc_column offset=&#8221;vc_col-lg-8 vc_col-md-8&#8243;][vc_custom_heading text=&#8221;From the bank of the Bosphorus to the shore of the Mediterranean Sea&#8221; use_theme_fonts=&#8221;yes&#8221; css=&#8221;.vc_custom_1586463736381{margin-bottom: 35px !important;}&#8221; el_class=&#8221;title_cormorant_light&#8221;][vc_column_text]<\/p>\n<h4>Created and manufactured in our workshop, our pieces are unique and represent the DNA of our house and the foundation of our reputation: Beauty, Quality and Elegance.<\/h4>\n<p>[\/vc_column_text][vc_column_text el_class=&#8221;light&#8221;]Nourished by this rich jewelry tradition and strengthened by his studies in architecture at the Strasbourg School of Fine Arts, Jan ARIN will take up the torch by modernizing the art of jewelry. His son Nicolas and his daughter Lara will continue the momentum, bringing to Babylone a contemporary, trendy, luxury, design and fantasy spirit well anchored in the 21st century. Between tradition and modernity, three generations cultivate a passion for stones and noble materials, and compete in imagination and creativity in the service of jewelry and&#8230; customers.[\/vc_column_text][\/vc_column][vc_column width=&#8221;1\/6&#8243; offset=&#8221;vc_hidden-sm vc_hidden-xs&#8221;][\/vc_column][\/vc_row][vc_section full_width=&#8221;stretch_row_content&#8221; el_class=&#8221;section_padding_side first mobile-mb-0&#8243;][vc_row equal_height=&#8221;yes&#8221; content_placement=&#8221;middle&#8221; el_class=&#8221;mobile_mt-35&#8243;][vc_column width=&#8221;1\/3&#8243; el_class=&#8221;col_decalage_droite&#8221;][vc_column_text el_class=&#8221;block_title decalage droite no_link&#8221;]<\/p>\n<h3 class=\"flex-post-title\">Creation<br \/>\nworkshop<\/h3>\n<p>Our workshop<\/p>\n<p>As soon as you walk through the door, Babylone transports you into a world of luxury, calm and voluptuousness. It is in the cocoon of the jewelry shop that your desires, your dreams will be able to express themselves and it is in the secret of the workshop that they will take shape. An idea, a project, a desire for a ring, necklace, bracelet or earring.[\/vc_column_text][\/vc_column][vc_column width=&#8221;2\/3&#8243; el_class=&#8221;col_img_top_home&#8221;][vc_single_image image=&#8221;2662&#8243; img_size=&#8221;full&#8221; alignment=&#8221;center&#8221; css=&#8221;.vc_custom_1580047438712{margin-bottom: 0px !important;}&#8221;][\/vc_column][\/vc_row][\/vc_section][vc_row el_class=&#8221;mobile_mb-35&#8243;][vc_column width=&#8221;1\/6&#8243; offset=&#8221;vc_hidden-sm vc_hidden-xs&#8221;][\/vc_column][vc_column width=&#8221;1\/3&#8243; offset=&#8221;vc_col-lg-3 vc_col-md-3&#8243;][vc_custom_heading text=&#8221;The know-how&#8221; font_container=&#8221;tag:h4|font_size:20|text_align:left&#8221; use_theme_fonts=&#8221;yes&#8221; el_class=&#8221;text-uppercase&#8221;][vc_empty_space height=&#8221;30px&#8221; el_class=&#8221;space_no_mobile&#8221;][\/vc_column][vc_column width=&#8221;2\/3&#8243; offset=&#8221;vc_col-lg-5 vc_col-md-5&#8243;][vc_column_text el_class=&#8221;light mobile-mb-0&#8243;]On site, the creative workshop is ingenious in responding to visitors&#8217; dreams. With a single objective: to put the excellence of its know-how at the service of the customer to fulfill his every wish. The team of craftsperson-jewelers travels the world in search of precious stones: diamonds, rubies, sapphire, emeralds&#8230; each of which is selected with particular care. At the source and without intermediaries.[\/vc_column_text][\/vc_column][vc_column width=&#8221;1\/6&#8243; offset=&#8221;vc_hidden-sm vc_hidden-xs&#8221;][\/vc_column][\/vc_row][vc_section full_width=&#8221;stretch_row_content&#8221; css=&#8221;.vc_custom_1580048113989{margin-top: 50px !important;padding-bottom: 50px !important;}&#8221; el_class=&#8221;section_padding_side&#8221; el_id=&#8221;slider_maison&#8221;][vc_row el_class=&#8221;row_texte_decalage_top&#8221;][vc_column][vc_single_image image=&#8221;1893&#8243; img_size=&#8221;full&#8221; alignment=&#8221;center&#8221; css=&#8221;.vc_custom_1574205677936{margin-bottom: 0px !important;}&#8221;][vc_column_text el_class=&#8221;block_title maison text-center block_titre_mariage title_cormorant_light block_decalage_top&#8221;]<\/p>\n<h2 class=\"flex-post-title\" style=\"text-align: center;\">Une histoire de famille<br \/>\n<span class=\"ss-title\">Lara, Nicolas et Jan ARIN<\/span><\/h2>\n<p>[\/vc_column_text][\/vc_column][\/vc_row][vc_row el_class=&#8221;row_texte_decalage_top&#8221;][vc_column][vc_single_image image=&#8221;2672&#8243; img_size=&#8221;full&#8221; alignment=&#8221;center&#8221; css=&#8221;.vc_custom_1580118988569{margin-bottom: 0px !important;}&#8221;][vc_column_text el_class=&#8221;block_title maison text-center block_titre_mariage title_cormorant_light block_decalage_top&#8221;]<\/p>\n<h2 class=\"flex-post-title\" style=\"text-align: center;\">1978 Cr\u00e9ation<br \/>\n<span class=\"ss-title\">Jan Arin devant le magasin d\u00e9j\u00e0 au 10 rue Mar\u00e9chal Joffre<\/span><\/h2>\n<p>[\/vc_column_text][\/vc_column][\/vc_row][vc_row el_class=&#8221;row_texte_decalage_top&#8221;][vc_column][vc_single_image image=&#8221;2670&#8243; img_size=&#8221;full&#8221; alignment=&#8221;center&#8221; css=&#8221;.vc_custom_1580119007988{margin-bottom: 0px !important;}&#8221;][vc_column_text el_class=&#8221;block_title maison text-center block_titre_mariage title_cormorant_light block_decalage_top&#8221;]<\/p>\n<h2 class=\"flex-post-title\" style=\"text-align: center;\">1991 Premi\u00e8re extension<\/h2>\n<p>[\/vc_column_text][\/vc_column][\/vc_row][vc_row el_class=&#8221;row_texte_decalage_top&#8221;][vc_column][vc_single_image image=&#8221;2724&#8243; img_size=&#8221;full&#8221; alignment=&#8221;center&#8221; css=&#8221;.vc_custom_1582720065985{margin-bottom: 0px !important;}&#8221;][vc_column_text el_class=&#8221;block_title maison text-center block_titre_mariage title_cormorant_light block_decalage_top&#8221;]<\/p>\n<h2 class=\"flex-post-title\" style=\"text-align: center;\">2018 Derni\u00e8re extension<\/h2>\n<p>[\/vc_column_text][\/vc_column][\/vc_row][\/vc_section]<\/p>\n","protected":false},"excerpt":{"rendered":"<p>[vc_row css=&#8221;.vc_custom_1530089427958{margin-bottom: 70px !important;}&#8221;][vc_column width=&#8221;1\/6&#8243; offset=&#8221;vc_hidden-sm vc_hidden-xs&#8221;][\/vc_column][vc_column offset=&#8221;vc_col-lg-8 vc_col-md-8&#8243;][vc_custom_heading text=&#8221;From the bank of the Bosphorus to the shore of the Mediterranean Sea&#8221; use_theme_fonts=&#8221;yes&#8221; css=&#8221;.vc_custom_1586463736381{margin-bottom: 35px !important;}&#8221; el_class=&#8221;title_cormorant_light&#8221;][vc_column_text] Created and manufactured&hellip;<\/p>\n","protected":false},"author":1,"featured_media":2740,"parent":0,"menu_order":0,"comment_status":"closed","ping_status":"closed","template":"","meta":{"footnotes":""},"aioseo_notices":[],"_links":{"self":[{"href":"https:\/\/bijouterie-babylone.fr\/en\/wp-json\/wp\/v2\/pages\/3081"}],"collection":[{"href":"https:\/\/bijouterie-babylone.fr\/en\/wp-json\/wp\/v2\/pages"}],"about":[{"href":"https:\/\/bijouterie-babylone.fr\/en\/wp-json\/wp\/v2\/types\/page"}],"author":[{"embeddable":true,"href":"https:\/\/bijouterie-babylone.fr\/en\/wp-json\/wp\/v2\/users\/1"}],"replies":[{"embeddable":true,"href":"https:\/\/bijouterie-babylone.fr\/en\/wp-json\/wp\/v2\/comments?post=3081"}],"version-history":[{"count":2,"href":"https:\/\/bijouterie-babylone.fr\/en\/wp-json\/wp\/v2\/pages\/3081\/revisions"}],"predecessor-version":[{"id":3084,"href":"https:\/\/bijouterie-babylone.fr\/en\/wp-json\/wp\/v2\/pages\/3081\/revisions\/3084"}],"wp:featuredmedia":[{"embeddable":true,"href":"https:\/\/bijouterie-babylone.fr\/en\/wp-json\/wp\/v2\/media\/2740"}],"wp:attachment":[{"href":"https:\/\/bijouterie-babylone.fr\/en\/wp-json\/wp\/v2\/media?parent=3081"}],"curies":[{"name":"wp","href":"https:\/\/api.w.org\/{rel}","templated":true}]}}